{"id":663,"date":"2022-06-24T10:50:52","date_gmt":"2022-06-24T09:50:52","guid":{"rendered":"https:\/\/spanishcompaniesincorporation.com\/blog\/"},"modified":"2025-10-23T15:22:16","modified_gmt":"2025-10-23T14:22:16","slug":"blog","status":"publish","type":"page","link":"https:\/\/spanishcompaniesincorporation.com\/es\/blog\/","title":{"rendered":"Blog"},"content":{"rendered":"\t\t<div data-elementor-type=\"wp-page\" data-elementor-id=\"663\" class=\"elementor elementor-663 elementor-333\" data-elementor-post-type=\"page\">\n\t\t\t\t\t\t<section class=\"elementor-section elementor-top-section elementor-element elementor-element-05a3823 elementor-section-height-min-height elementor-section-items-top elementor-section-boxed elementor-section-height-default\" data-id=\"05a3823\" data-element_type=\"section\" data-e-type=\"section\" data-settings=\"{&quot;background_background&quot;:&quot;classic&quot;}\">\n\t\t\t\t\t\t\t<div class=\"elementor-background-overlay\"><\/div>\n\t\t\t\t\t\t\t<div class=\"elementor-container elementor-column-gap-no\">\n\t\t\t\t\t<div class=\"elementor-column elementor-col-100 elementor-top-column elementor-element elementor-element-d93842d\" data-id=\"d93842d\" data-element_type=\"column\" data-e-type=\"column\">\n\t\t\t<div class=\"elementor-widget-wrap\">\n\t\t\t\t\t\t\t<\/div>\n\t\t<\/div>\n\t\t\t\t\t<\/div>\n\t\t<\/section>\n\t\t\t\t<section class=\"elementor-section elementor-top-section elementor-element elementor-element-fb2881d elementor-section-boxed elementor-section-height-default elementor-section-height-default\" data-id=\"fb2881d\" data-element_type=\"section\" data-e-type=\"section\" data-settings=\"{&quot;background_background&quot;:&quot;classic&quot;}\">\n\t\t\t\t\t\t<div class=\"elementor-container elementor-column-gap-default\">\n\t\t\t\t\t<div class=\"elementor-column elementor-col-50 elementor-top-column elementor-element elementor-element-a76d04c\" data-id=\"a76d04c\" data-element_type=\"column\" data-e-type=\"column\">\n\t\t\t<div class=\"elementor-widget-wrap elementor-element-populated\">\n\t\t\t\t\t\t<div class=\"elementor-element elementor-element-fa10b74 elementor-widget elementor-widget-heading\" data-id=\"fa10b74\" data-element_type=\"widget\" data-e-type=\"widget\" data-widget_type=\"heading.default\">\n\t\t\t\t<div class=\"elementor-widget-container\">\n\t\t\t\t\t<h2 class=\"elementor-heading-title elementor-size-default\">SCI Legal<\/h2>\t\t\t\t<\/div>\n\t\t\t\t<\/div>\n\t\t\t\t\t<\/div>\n\t\t<\/div>\n\t\t\t\t<div class=\"elementor-column elementor-col-50 elementor-top-column elementor-element elementor-element-b9194fc\" data-id=\"b9194fc\" data-element_type=\"column\" data-e-type=\"column\" data-settings=\"{&quot;background_background&quot;:&quot;classic&quot;}\">\n\t\t\t<div class=\"elementor-widget-wrap elementor-element-populated\">\n\t\t\t\t\t\t<div class=\"elementor-element elementor-element-a58b11d elementor-widget elementor-widget-heading\" data-id=\"a58b11d\" data-element_type=\"widget\" data-e-type=\"widget\" data-widget_type=\"heading.default\">\n\t\t\t\t<div class=\"elementor-widget-container\">\n\t\t\t\t\t<h3 class=\"elementor-heading-title elementor-size-default\">THE SCI BLOG<\/h3>\t\t\t\t<\/div>\n\t\t\t\t<\/div>\n\t\t\t\t<div class=\"elementor-element elementor-element-c2149b8 elementor-widget elementor-widget-text-editor\" data-id=\"c2149b8\" data-element_type=\"widget\" data-e-type=\"widget\" data-widget_type=\"text-editor.default\">\n\t\t\t\t<div class=\"elementor-widget-container\">\n\t\t\t\t\t\t\t\t\t<p><strong>El blog de SCI<\/strong>, donde encontrar\u00e1s las \u00faltimas novedades y tendencias sobre derecho espa\u00f1ol y sobre el mercado inmobiliario en Espa\u00f1a.<\/p>\t\t\t\t\t\t\t\t<\/div>\n\t\t\t\t<\/div>\n\t\t\t\t\t<\/div>\n\t\t<\/div>\n\t\t\t\t\t<\/div>\n\t\t<\/section>\n\t\t\t\t<section class=\"elementor-section elementor-top-section elementor-element elementor-element-f289f2b elementor-section-boxed elementor-section-height-default elementor-section-height-default\" data-id=\"f289f2b\" data-element_type=\"section\" data-e-type=\"section\">\n\t\t\t\t\t\t<div class=\"elementor-container elementor-column-gap-default\">\n\t\t\t\t\t<div class=\"elementor-column elementor-col-100 elementor-top-column elementor-element elementor-element-85b6427\" data-id=\"85b6427\" data-element_type=\"column\" data-e-type=\"column\">\n\t\t\t<div class=\"elementor-widget-wrap elementor-element-populated\">\n\t\t\t\t\t\t<div class=\"elementor-element elementor-element-9f5b962 elementor-grid-3 elementor-grid-tablet-2 elementor-grid-mobile-1 elementor-posts--thumbnail-top elementor-card-shadow-yes elementor-posts__hover-gradient elementor-widget elementor-widget-posts\" data-id=\"9f5b962\" data-element_type=\"widget\" data-e-type=\"widget\" data-settings=\"{&quot;cards_columns&quot;:&quot;3&quot;,&quot;cards_columns_tablet&quot;:&quot;2&quot;,&quot;cards_columns_mobile&quot;:&quot;1&quot;,&quot;cards_row_gap&quot;:{&quot;unit&quot;:&quot;px&quot;,&quot;size&quot;:35,&quot;sizes&quot;:[]},&quot;cards_row_gap_tablet&quot;:{&quot;unit&quot;:&quot;px&quot;,&quot;size&quot;:&quot;&quot;,&quot;sizes&quot;:[]},&quot;cards_row_gap_mobile&quot;:{&quot;unit&quot;:&quot;px&quot;,&quot;size&quot;:&quot;&quot;,&quot;sizes&quot;:[]}}\" data-widget_type=\"posts.cards\">\n\t\t\t\t<div class=\"elementor-widget-container\">\n\t\t\t\t\t\t\t<div class=\"elementor-posts-container elementor-posts elementor-posts--skin-cards elementor-grid\" role=\"list\">\n\t\t\t\t<article class=\"elementor-post elementor-grid-item post-3308 post type-post status-publish format-standard has-post-thumbnail hentry category-sin-categorizar\" role=\"listitem\">\n\t\t\t<div class=\"elementor-post__card\">\n\t\t\t\t<a class=\"elementor-post__thumbnail__link\" href=\"https:\/\/spanishcompaniesincorporation.com\/es\/otorgar-testamento-en-espana\/\" tabindex=\"-1\" ><div class=\"elementor-post__thumbnail\"><img fetchpriority=\"high\" decoding=\"async\" width=\"1280\" height=\"720\" src=\"https:\/\/spanishcompaniesincorporation.com\/wp-content\/uploads\/WGS-BLOG-Feature-Image-Poster-1280x720-A-Last-Will-and-Testament-1.jpg\" class=\"attachment-medium size-medium wp-image-3309\" alt=\"\" srcset=\"https:\/\/spanishcompaniesincorporation.com\/wp-content\/uploads\/WGS-BLOG-Feature-Image-Poster-1280x720-A-Last-Will-and-Testament-1.jpg 1280w, https:\/\/spanishcompaniesincorporation.com\/wp-content\/uploads\/WGS-BLOG-Feature-Image-Poster-1280x720-A-Last-Will-and-Testament-1-1024x576.jpg 1024w, https:\/\/spanishcompaniesincorporation.com\/wp-content\/uploads\/WGS-BLOG-Feature-Image-Poster-1280x720-A-Last-Will-and-Testament-1-768x432.jpg 768w\" sizes=\"(max-width: 1280px) 100vw, 1280px\" \/><\/div><\/a>\n\t\t\t\t<div class=\"elementor-post__text\">\n\t\t\t\t<h3 class=\"elementor-post__title\">\n\t\t\t<a href=\"https:\/\/spanishcompaniesincorporation.com\/es\/otorgar-testamento-en-espana\/\" >\n\t\t\t\tPOR QU\u00c9 ES IMPORTANTE OTORGAR UN TESTAMENTO EN ESPA\u00d1A SI ERES NO RESIDENTE\t\t\t<\/a>\n\t\t<\/h3>\n\t\t\t\t<div class=\"elementor-post__excerpt\">\n\t\t\t<p>Para muchas personas no residentes en Espa\u00f1a que poseen bienes en este pa\u00eds, la cuesti\u00f3n de si otorgar un testamento en Espa\u00f1a puede generar incertidumbre<\/p>\n\t\t<\/div>\n\t\t\n\t\t<a class=\"elementor-post__read-more\" href=\"https:\/\/spanishcompaniesincorporation.com\/es\/otorgar-testamento-en-espana\/\" aria-label=\"M\u00e1s informaci\u00f3n sobre POR QU\u00c9 ES IMPORTANTE OTORGAR UN TESTAMENTO EN ESPA\u00d1A SI ERES NO RESIDENTE\" tabindex=\"-1\" >\n\t\t\tLeer m\u00e1s \u00bb\t\t<\/a>\n\n\t\t\t\t<\/div>\n\t\t\t\t\t<\/div>\n\t\t<\/article>\n\t\t\t\t<article class=\"elementor-post elementor-grid-item post-3252 post type-post status-publish format-standard has-post-thumbnail hentry category-sin-categorizar\" role=\"listitem\">\n\t\t\t<div class=\"elementor-post__card\">\n\t\t\t\t<a class=\"elementor-post__thumbnail__link\" href=\"https:\/\/spanishcompaniesincorporation.com\/es\/ser-nomada-digital-en-espana\/\" tabindex=\"-1\" ><div class=\"elementor-post__thumbnail\"><img decoding=\"async\" width=\"567\" height=\"401\" src=\"https:\/\/spanishcompaniesincorporation.com\/wp-content\/uploads\/gtyhj.jpg\" class=\"attachment-medium size-medium wp-image-3255\" alt=\"\" \/><\/div><\/a>\n\t\t\t\t<div class=\"elementor-post__text\">\n\t\t\t\t<h3 class=\"elementor-post__title\">\n\t\t\t<a href=\"https:\/\/spanishcompaniesincorporation.com\/es\/ser-nomada-digital-en-espana\/\" >\n\t\t\t\tQU\u00c9 SON N\u00d3MADAS DIGITALES Y C\u00d3MO SER N\u00d3MADA DIGITAL EN ESPA\u00d1A\t\t\t<\/a>\n\t\t<\/h3>\n\t\t\t\t<div class=\"elementor-post__excerpt\">\n\t\t\t<p>Cada vez m\u00e1s se escucha el concepto de n\u00f3mada digital en nuestras conversaciones diarias, pero pocos saben qu\u00e9 es exactamente este concepto y c\u00f3mo optar<\/p>\n\t\t<\/div>\n\t\t\n\t\t<a class=\"elementor-post__read-more\" href=\"https:\/\/spanishcompaniesincorporation.com\/es\/ser-nomada-digital-en-espana\/\" aria-label=\"M\u00e1s informaci\u00f3n sobre QU\u00c9 SON N\u00d3MADAS DIGITALES Y C\u00d3MO SER N\u00d3MADA DIGITAL EN ESPA\u00d1A\" tabindex=\"-1\" >\n\t\t\tLeer m\u00e1s \u00bb\t\t<\/a>\n\n\t\t\t\t<\/div>\n\t\t\t\t\t<\/div>\n\t\t<\/article>\n\t\t\t\t<article class=\"elementor-post elementor-grid-item post-2988 post type-post status-publish format-standard has-post-thumbnail hentry category-sin-categorizar\" role=\"listitem\">\n\t\t\t<div class=\"elementor-post__card\">\n\t\t\t\t<a class=\"elementor-post__thumbnail__link\" href=\"https:\/\/spanishcompaniesincorporation.com\/es\/que-es-y-como-llevar-a-cabo-la-segregacion-de-una-finca\/\" tabindex=\"-1\" ><div class=\"elementor-post__thumbnail\"><img decoding=\"async\" width=\"1142\" height=\"720\" src=\"https:\/\/spanishcompaniesincorporation.com\/wp-content\/uploads\/Imagen1.png\" class=\"attachment-medium size-medium wp-image-2981\" alt=\"\" srcset=\"https:\/\/spanishcompaniesincorporation.com\/wp-content\/uploads\/Imagen1.png 1142w, https:\/\/spanishcompaniesincorporation.com\/wp-content\/uploads\/Imagen1-1024x646.png 1024w, https:\/\/spanishcompaniesincorporation.com\/wp-content\/uploads\/Imagen1-768x484.png 768w\" sizes=\"(max-width: 1142px) 100vw, 1142px\" \/><\/div><\/a>\n\t\t\t\t<div class=\"elementor-post__text\">\n\t\t\t\t<h3 class=\"elementor-post__title\">\n\t\t\t<a href=\"https:\/\/spanishcompaniesincorporation.com\/es\/que-es-y-como-llevar-a-cabo-la-segregacion-de-una-finca\/\" >\n\t\t\t\t\u00bfQU\u00c9 ES Y C\u00d3MO LLEVAR A CABO LA SEGREGACI\u00d3N DE UNA FINCA?\t\t\t<\/a>\n\t\t<\/h3>\n\t\t\t\t<div class=\"elementor-post__excerpt\">\n\t\t\t<p>En este art\u00edculo vamos a explicar en qu\u00e9 consiste la segregaci\u00f3n de fincas urbanas y cuales son los pasos a seguir para llevarlas a cabo.<\/p>\n\t\t<\/div>\n\t\t\n\t\t<a class=\"elementor-post__read-more\" href=\"https:\/\/spanishcompaniesincorporation.com\/es\/que-es-y-como-llevar-a-cabo-la-segregacion-de-una-finca\/\" aria-label=\"M\u00e1s informaci\u00f3n sobre \u00bfQU\u00c9 ES Y C\u00d3MO LLEVAR A CABO LA SEGREGACI\u00d3N DE UNA FINCA?\" tabindex=\"-1\" >\n\t\t\tLeer m\u00e1s \u00bb\t\t<\/a>\n\n\t\t\t\t<\/div>\n\t\t\t\t\t<\/div>\n\t\t<\/article>\n\t\t\t\t<article class=\"elementor-post elementor-grid-item post-2703 post type-post status-publish format-standard has-post-thumbnail hentry category-sin-categorizar\" role=\"listitem\">\n\t\t\t<div class=\"elementor-post__card\">\n\t\t\t\t<a class=\"elementor-post__thumbnail__link\" href=\"https:\/\/spanishcompaniesincorporation.com\/es\/cancelacion-registral-hipotecaria\/\" tabindex=\"-1\" ><div class=\"elementor-post__thumbnail\"><img loading=\"lazy\" decoding=\"async\" width=\"1024\" height=\"683\" src=\"https:\/\/spanishcompaniesincorporation.com\/wp-content\/uploads\/611185590.jpg\" class=\"attachment-medium size-medium wp-image-2704\" alt=\"\" srcset=\"https:\/\/spanishcompaniesincorporation.com\/wp-content\/uploads\/611185590.jpg 1024w, https:\/\/spanishcompaniesincorporation.com\/wp-content\/uploads\/611185590-768x512.jpg 768w\" sizes=\"(max-width: 1024px) 100vw, 1024px\" \/><\/div><\/a>\n\t\t\t\t<div class=\"elementor-post__text\">\n\t\t\t\t<h3 class=\"elementor-post__title\">\n\t\t\t<a href=\"https:\/\/spanishcompaniesincorporation.com\/es\/cancelacion-registral-hipotecaria\/\" >\n\t\t\t\t\u00bfQU\u00c9 ES LA CANCELACI\u00d3N REGISTRAL HIPOTERCARIA?\t\t\t<\/a>\n\t\t<\/h3>\n\t\t\t\t<div class=\"elementor-post__excerpt\">\n\t\t\t<p>Cuando terminamos de pagar la hipoteca debemos realizar un \u00faltimo tr\u00e1mite para que la carga hipotecaria inscrita en el registro de la propiedad en nuestro<\/p>\n\t\t<\/div>\n\t\t\n\t\t<a class=\"elementor-post__read-more\" href=\"https:\/\/spanishcompaniesincorporation.com\/es\/cancelacion-registral-hipotecaria\/\" aria-label=\"M\u00e1s informaci\u00f3n sobre \u00bfQU\u00c9 ES LA CANCELACI\u00d3N REGISTRAL HIPOTERCARIA?\" tabindex=\"-1\" >\n\t\t\tLeer m\u00e1s \u00bb\t\t<\/a>\n\n\t\t\t\t<\/div>\n\t\t\t\t\t<\/div>\n\t\t<\/article>\n\t\t\t\t<article class=\"elementor-post elementor-grid-item post-2598 post type-post status-publish format-standard has-post-thumbnail hentry category-sin-categorizar\" role=\"listitem\">\n\t\t\t<div class=\"elementor-post__card\">\n\t\t\t\t<a class=\"elementor-post__thumbnail__link\" href=\"https:\/\/spanishcompaniesincorporation.com\/es\/nueva-ley-de-vivienda-2023-como-te-afecta\/\" tabindex=\"-1\" ><div class=\"elementor-post__thumbnail\"><img loading=\"lazy\" decoding=\"async\" width=\"2048\" height=\"2560\" src=\"https:\/\/spanishcompaniesincorporation.com\/wp-content\/uploads\/pexels-hert-niks-4159683-scaled.jpg\" class=\"attachment-medium size-medium wp-image-2599\" alt=\"\" srcset=\"https:\/\/spanishcompaniesincorporation.com\/wp-content\/uploads\/pexels-hert-niks-4159683-scaled.jpg 2048w, https:\/\/spanishcompaniesincorporation.com\/wp-content\/uploads\/pexels-hert-niks-4159683-819x1024.jpg 819w, https:\/\/spanishcompaniesincorporation.com\/wp-content\/uploads\/pexels-hert-niks-4159683-768x960.jpg 768w, https:\/\/spanishcompaniesincorporation.com\/wp-content\/uploads\/pexels-hert-niks-4159683-1229x1536.jpg 1229w, https:\/\/spanishcompaniesincorporation.com\/wp-content\/uploads\/pexels-hert-niks-4159683-1638x2048.jpg 1638w\" sizes=\"(max-width: 2048px) 100vw, 2048px\" \/><\/div><\/a>\n\t\t\t\t<div class=\"elementor-post__text\">\n\t\t\t\t<h3 class=\"elementor-post__title\">\n\t\t\t<a href=\"https:\/\/spanishcompaniesincorporation.com\/es\/nueva-ley-de-vivienda-2023-como-te-afecta\/\" >\n\t\t\t\tNUEVA LEY DE VIVIENDA 2023 \u00bfC\u00d3MO TE AFECTA?\t\t\t<\/a>\n\t\t<\/h3>\n\t\t\t\t<div class=\"elementor-post__excerpt\">\n\t\t\t<p>Un a\u00f1o y dos meses tras su propuesta en febrero de 2022 la nueva ley de vivienda ha visto la luz en abril de 2023.<\/p>\n\t\t<\/div>\n\t\t\n\t\t<a class=\"elementor-post__read-more\" href=\"https:\/\/spanishcompaniesincorporation.com\/es\/nueva-ley-de-vivienda-2023-como-te-afecta\/\" aria-label=\"M\u00e1s informaci\u00f3n sobre NUEVA LEY DE VIVIENDA 2023 \u00bfC\u00d3MO TE AFECTA?\" tabindex=\"-1\" >\n\t\t\tLeer m\u00e1s \u00bb\t\t<\/a>\n\n\t\t\t\t<\/div>\n\t\t\t\t\t<\/div>\n\t\t<\/article>\n\t\t\t\t<article class=\"elementor-post elementor-grid-item post-2518 post type-post status-publish format-standard has-post-thumbnail hentry category-sin-categorizar\" role=\"listitem\">\n\t\t\t<div class=\"elementor-post__card\">\n\t\t\t\t<a class=\"elementor-post__thumbnail__link\" href=\"https:\/\/spanishcompaniesincorporation.com\/es\/letrado-de-administracion-de-justicia\/\" tabindex=\"-1\" ><div class=\"elementor-post__thumbnail\"><img loading=\"lazy\" decoding=\"async\" width=\"2560\" height=\"1707\" src=\"https:\/\/spanishcompaniesincorporation.com\/wp-content\/uploads\/tttttt-scaled.jpg\" class=\"attachment-medium size-medium wp-image-2519\" alt=\"\" srcset=\"https:\/\/spanishcompaniesincorporation.com\/wp-content\/uploads\/tttttt-scaled.jpg 2560w, https:\/\/spanishcompaniesincorporation.com\/wp-content\/uploads\/tttttt-1024x683.jpg 1024w, https:\/\/spanishcompaniesincorporation.com\/wp-content\/uploads\/tttttt-768x512.jpg 768w, https:\/\/spanishcompaniesincorporation.com\/wp-content\/uploads\/tttttt-1536x1024.jpg 1536w, https:\/\/spanishcompaniesincorporation.com\/wp-content\/uploads\/tttttt-2048x1365.jpg 2048w\" sizes=\"(max-width: 2560px) 100vw, 2560px\" \/><\/div><\/a>\n\t\t\t\t<div class=\"elementor-post__text\">\n\t\t\t\t<h3 class=\"elementor-post__title\">\n\t\t\t<a href=\"https:\/\/spanishcompaniesincorporation.com\/es\/letrado-de-administracion-de-justicia\/\" >\n\t\t\t\t<strong>QU\u00c9 ES UN LETRADO DE ADMINISTRACI\u00d3N DE JUSTICIA Y CUALES SON SUS FUNCIONES<\/strong>\t\t\t<\/a>\n\t\t<\/h3>\n\t\t\t\t<div class=\"elementor-post__excerpt\">\n\t\t\t<p>Debido a la huelga general declarada por el colectivo de Letrados de la Administraci\u00f3n de Justicia en Espa\u00f1a a comienzos del a\u00f1o 2023 surgen dudas<\/p>\n\t\t<\/div>\n\t\t\n\t\t<a class=\"elementor-post__read-more\" href=\"https:\/\/spanishcompaniesincorporation.com\/es\/letrado-de-administracion-de-justicia\/\" aria-label=\"M\u00e1s informaci\u00f3n sobre &lt;strong&gt;QU\u00c9 ES UN LETRADO DE ADMINISTRACI\u00d3N DE JUSTICIA Y CUALES SON SUS FUNCIONES&lt;\/strong&gt;\" tabindex=\"-1\" >\n\t\t\tLeer m\u00e1s \u00bb\t\t<\/a>\n\n\t\t\t\t<\/div>\n\t\t\t\t\t<\/div>\n\t\t<\/article>\n\t\t\t\t<\/div>\n\t\t\n\t\t\t\t\t\t<\/div>\n\t\t\t\t<\/div>\n\t\t\t\t\t<\/div>\n\t\t<\/div>\n\t\t\t\t\t<\/div>\n\t\t<\/section>\n\t\t\t\t<\/div>\n\t\t","protected":false},"excerpt":{"rendered":"<p>SCI Legal THE SCI BLOG El blog de SCI, donde encontrar\u00e1s las \u00faltimas novedades y tendencias sobre derecho espa\u00f1ol y sobre el mercado inmobiliario en Espa\u00f1a.<\/p>\n","protected":false},"author":1,"featured_media":0,"parent":0,"menu_order":0,"comment_status":"closed","ping_status":"closed","template":"elementor_header_footer","meta":{"footnotes":""},"class_list":["post-663","page","type-page","status-publish","hentry"],"yoast_head":"<!-- This site is optimized with the Yoast SEO plugin v27.4 - https:\/\/yoast.com\/product\/yoast-seo-wordpress\/ -->\n<title>Blog - Spanish Companies Incorporation<\/title>\n<meta name=\"description\" content=\"Este es el blog de SCI - Spanish Companies incorporation y en \u00e9l, encontrar\u00e1s ideas y novedades sobre la incorporaci\u00f3n de empresas en Espa\u00f1a.\" \/>\n<meta name=\"robots\" content=\"index, follow, max-snippet:-1, max-image-preview:large, max-video-preview:-1\" \/>\n<link rel=\"canonical\" href=\"https:\/\/spanishcompaniesincorporation.com\/es\/blog\/\" \/>\n<meta property=\"og:locale\" content=\"es_ES\" \/>\n<meta property=\"og:type\" content=\"article\" \/>\n<meta property=\"og:title\" content=\"Blog - Spanish Companies Incorporation\" \/>\n<meta property=\"og:description\" content=\"Este es el blog de SCI - Spanish Companies incorporation y en \u00e9l, encontrar\u00e1s ideas y novedades sobre la incorporaci\u00f3n de empresas en Espa\u00f1a.\" \/>\n<meta property=\"og:url\" content=\"https:\/\/spanishcompaniesincorporation.com\/es\/blog\/\" \/>\n<meta property=\"og:site_name\" content=\"Spanish Companies Incorporation\" \/>\n<meta property=\"article:modified_time\" content=\"2025-10-23T14:22:16+00:00\" \/>\n<meta name=\"twitter:card\" content=\"summary_large_image\" \/>\n<meta name=\"twitter:label1\" content=\"Tiempo de lectura\" \/>\n\t<meta name=\"twitter:data1\" content=\"5 minutos\" \/>\n<script type=\"application\/ld+json\" class=\"yoast-schema-graph\">{\"@context\":\"https:\\\/\\\/schema.org\",\"@graph\":[{\"@type\":\"WebPage\",\"@id\":\"https:\\\/\\\/spanishcompaniesincorporation.com\\\/es\\\/blog\\\/\",\"url\":\"https:\\\/\\\/spanishcompaniesincorporation.com\\\/es\\\/blog\\\/\",\"name\":\"Blog - Spanish Companies Incorporation\",\"isPartOf\":{\"@id\":\"https:\\\/\\\/spanishcompaniesincorporation.com\\\/es\\\/#website\"},\"datePublished\":\"2022-06-24T09:50:52+00:00\",\"dateModified\":\"2025-10-23T14:22:16+00:00\",\"description\":\"Este es el blog de SCI - Spanish Companies incorporation y en \u00e9l, encontrar\u00e1s ideas y novedades sobre la incorporaci\u00f3n de empresas en Espa\u00f1a.\",\"breadcrumb\":{\"@id\":\"https:\\\/\\\/spanishcompaniesincorporation.com\\\/es\\\/blog\\\/#breadcrumb\"},\"inLanguage\":\"es\",\"potentialAction\":[{\"@type\":\"ReadAction\",\"target\":[\"https:\\\/\\\/spanishcompaniesincorporation.com\\\/es\\\/blog\\\/\"]}]},{\"@type\":\"BreadcrumbList\",\"@id\":\"https:\\\/\\\/spanishcompaniesincorporation.com\\\/es\\\/blog\\\/#breadcrumb\",\"itemListElement\":[{\"@type\":\"ListItem\",\"position\":1,\"name\":\"Portada\",\"item\":\"https:\\\/\\\/spanishcompaniesincorporation.com\\\/es\\\/\"},{\"@type\":\"ListItem\",\"position\":2,\"name\":\"Blog\"}]},{\"@type\":\"WebSite\",\"@id\":\"https:\\\/\\\/spanishcompaniesincorporation.com\\\/es\\\/#website\",\"url\":\"https:\\\/\\\/spanishcompaniesincorporation.com\\\/es\\\/\",\"name\":\"Spanish Companies Incorporation\",\"description\":\"SCI will be with you through the whole process until your company is fully registered and with an operative bank account.\",\"publisher\":{\"@id\":\"https:\\\/\\\/spanishcompaniesincorporation.com\\\/es\\\/#organization\"},\"potentialAction\":[{\"@type\":\"SearchAction\",\"target\":{\"@type\":\"EntryPoint\",\"urlTemplate\":\"https:\\\/\\\/spanishcompaniesincorporation.com\\\/es\\\/?s={search_term_string}\"},\"query-input\":{\"@type\":\"PropertyValueSpecification\",\"valueRequired\":true,\"valueName\":\"search_term_string\"}}],\"inLanguage\":\"es\"},{\"@type\":\"Organization\",\"@id\":\"https:\\\/\\\/spanishcompaniesincorporation.com\\\/es\\\/#organization\",\"name\":\"SCI Spanish Companies Incorporation\",\"url\":\"https:\\\/\\\/spanishcompaniesincorporation.com\\\/es\\\/\",\"logo\":{\"@type\":\"ImageObject\",\"inLanguage\":\"es\",\"@id\":\"https:\\\/\\\/spanishcompaniesincorporation.com\\\/es\\\/#\\\/schema\\\/logo\\\/image\\\/\",\"url\":\"https:\\\/\\\/spanishcompaniesincorporation.com\\\/wp-content\\\/uploads\\\/Logo-SCI-2.jpg\",\"contentUrl\":\"https:\\\/\\\/spanishcompaniesincorporation.com\\\/wp-content\\\/uploads\\\/Logo-SCI-2.jpg\",\"width\":1573,\"height\":602,\"caption\":\"SCI Spanish Companies Incorporation\"},\"image\":{\"@id\":\"https:\\\/\\\/spanishcompaniesincorporation.com\\\/es\\\/#\\\/schema\\\/logo\\\/image\\\/\"}}]}<\/script>\n<!-- \/ Yoast SEO plugin. -->","yoast_head_json":{"title":"Blog - Spanish Companies Incorporation","description":"Este es el blog de SCI - Spanish Companies incorporation y en \u00e9l, encontrar\u00e1s ideas y novedades sobre la incorporaci\u00f3n de empresas en Espa\u00f1a.","robots":{"index":"index","follow":"follow","max-snippet":"max-snippet:-1","max-image-preview":"max-image-preview:large","max-video-preview":"max-video-preview:-1"},"canonical":"https:\/\/spanishcompaniesincorporation.com\/es\/blog\/","og_locale":"es_ES","og_type":"article","og_title":"Blog - Spanish Companies Incorporation","og_description":"Este es el blog de SCI - Spanish Companies incorporation y en \u00e9l, encontrar\u00e1s ideas y novedades sobre la incorporaci\u00f3n de empresas en Espa\u00f1a.","og_url":"https:\/\/spanishcompaniesincorporation.com\/es\/blog\/","og_site_name":"Spanish Companies Incorporation","article_modified_time":"2025-10-23T14:22:16+00:00","twitter_card":"summary_large_image","twitter_misc":{"Tiempo de lectura":"5 minutos"},"schema":{"@context":"https:\/\/schema.org","@graph":[{"@type":"WebPage","@id":"https:\/\/spanishcompaniesincorporation.com\/es\/blog\/","url":"https:\/\/spanishcompaniesincorporation.com\/es\/blog\/","name":"Blog - Spanish Companies Incorporation","isPartOf":{"@id":"https:\/\/spanishcompaniesincorporation.com\/es\/#website"},"datePublished":"2022-06-24T09:50:52+00:00","dateModified":"2025-10-23T14:22:16+00:00","description":"Este es el blog de SCI - Spanish Companies incorporation y en \u00e9l, encontrar\u00e1s ideas y novedades sobre la incorporaci\u00f3n de empresas en Espa\u00f1a.","breadcrumb":{"@id":"https:\/\/spanishcompaniesincorporation.com\/es\/blog\/#breadcrumb"},"inLanguage":"es","potentialAction":[{"@type":"ReadAction","target":["https:\/\/spanishcompaniesincorporation.com\/es\/blog\/"]}]},{"@type":"BreadcrumbList","@id":"https:\/\/spanishcompaniesincorporation.com\/es\/blog\/#breadcrumb","itemListElement":[{"@type":"ListItem","position":1,"name":"Portada","item":"https:\/\/spanishcompaniesincorporation.com\/es\/"},{"@type":"ListItem","position":2,"name":"Blog"}]},{"@type":"WebSite","@id":"https:\/\/spanishcompaniesincorporation.com\/es\/#website","url":"https:\/\/spanishcompaniesincorporation.com\/es\/","name":"Spanish Companies Incorporation","description":"SCI will be with you through the whole process until your company is fully registered and with an operative bank account.","publisher":{"@id":"https:\/\/spanishcompaniesincorporation.com\/es\/#organization"},"potentialAction":[{"@type":"SearchAction","target":{"@type":"EntryPoint","urlTemplate":"https:\/\/spanishcompaniesincorporation.com\/es\/?s={search_term_string}"},"query-input":{"@type":"PropertyValueSpecification","valueRequired":true,"valueName":"search_term_string"}}],"inLanguage":"es"},{"@type":"Organization","@id":"https:\/\/spanishcompaniesincorporation.com\/es\/#organization","name":"SCI Spanish Companies Incorporation","url":"https:\/\/spanishcompaniesincorporation.com\/es\/","logo":{"@type":"ImageObject","inLanguage":"es","@id":"https:\/\/spanishcompaniesincorporation.com\/es\/#\/schema\/logo\/image\/","url":"https:\/\/spanishcompaniesincorporation.com\/wp-content\/uploads\/Logo-SCI-2.jpg","contentUrl":"https:\/\/spanishcompaniesincorporation.com\/wp-content\/uploads\/Logo-SCI-2.jpg","width":1573,"height":602,"caption":"SCI Spanish Companies Incorporation"},"image":{"@id":"https:\/\/spanishcompaniesincorporation.com\/es\/#\/schema\/logo\/image\/"}}]}},"_links":{"self":[{"href":"https:\/\/spanishcompaniesincorporation.com\/es\/wp-json\/wp\/v2\/pages\/663","targetHints":{"allow":["GET"]}}],"collection":[{"href":"https:\/\/spanishcompaniesincorporation.com\/es\/wp-json\/wp\/v2\/pages"}],"about":[{"href":"https:\/\/spanishcompaniesincorporation.com\/es\/wp-json\/wp\/v2\/types\/page"}],"author":[{"embeddable":true,"href":"https:\/\/spanishcompaniesincorporation.com\/es\/wp-json\/wp\/v2\/users\/1"}],"replies":[{"embeddable":true,"href":"https:\/\/spanishcompaniesincorporation.com\/es\/wp-json\/wp\/v2\/comments?post=663"}],"version-history":[{"count":5,"href":"https:\/\/spanishcompaniesincorporation.com\/es\/wp-json\/wp\/v2\/pages\/663\/revisions"}],"predecessor-version":[{"id":3728,"href":"https:\/\/spanishcompaniesincorporation.com\/es\/wp-json\/wp\/v2\/pages\/663\/revisions\/3728"}],"wp:attachment":[{"href":"https:\/\/spanishcompaniesincorporation.com\/es\/wp-json\/wp\/v2\/media?parent=663"}],"curies":[{"name":"wp","href":"https:\/\/api.w.org\/{rel}","templated":true}]}}