{"id":659,"date":"2022-06-24T10:49:54","date_gmt":"2022-06-24T09:49:54","guid":{"rendered":"https:\/\/spanishcompaniesincorporation.com\/contacto\/"},"modified":"2025-10-23T15:19:38","modified_gmt":"2025-10-23T14:19:38","slug":"contacto","status":"publish","type":"page","link":"https:\/\/spanishcompaniesincorporation.com\/es\/contacto\/","title":{"rendered":"Contacto"},"content":{"rendered":"\t\t<div data-elementor-type=\"wp-page\" data-elementor-id=\"659\" class=\"elementor elementor-659 elementor-73\" data-elementor-post-type=\"page\">\n\t\t\t\t\t\t<section class=\"elementor-section elementor-top-section elementor-element elementor-element-cf84105 elementor-section-height-min-height elementor-section-items-top elementor-section-boxed elementor-section-height-default\" data-id=\"cf84105\" data-element_type=\"section\" data-e-type=\"section\" data-settings=\"{&quot;background_background&quot;:&quot;classic&quot;}\">\n\t\t\t\t\t\t\t<div class=\"elementor-background-overlay\"><\/div>\n\t\t\t\t\t\t\t<div class=\"elementor-container elementor-column-gap-no\">\n\t\t\t\t\t<div class=\"elementor-column elementor-col-100 elementor-top-column elementor-element elementor-element-808eae3\" data-id=\"808eae3\" data-element_type=\"column\" data-e-type=\"column\">\n\t\t\t<div class=\"elementor-widget-wrap\">\n\t\t\t\t\t\t\t<\/div>\n\t\t<\/div>\n\t\t\t\t\t<\/div>\n\t\t<\/section>\n\t\t\t\t<section class=\"elementor-section elementor-top-section elementor-element elementor-element-6da639b elementor-section-boxed elementor-section-height-default elementor-section-height-default\" data-id=\"6da639b\" data-element_type=\"section\" data-e-type=\"section\" data-settings=\"{&quot;background_background&quot;:&quot;classic&quot;}\">\n\t\t\t\t\t\t<div class=\"elementor-container elementor-column-gap-default\">\n\t\t\t\t\t<div class=\"elementor-column elementor-col-50 elementor-top-column elementor-element elementor-element-e57d569\" data-id=\"e57d569\" data-element_type=\"column\" data-e-type=\"column\">\n\t\t\t<div class=\"elementor-widget-wrap elementor-element-populated\">\n\t\t\t\t\t\t<div class=\"elementor-element elementor-element-375c8b7 elementor-widget elementor-widget-heading\" data-id=\"375c8b7\" data-element_type=\"widget\" data-e-type=\"widget\" data-widget_type=\"heading.default\">\n\t\t\t\t<div class=\"elementor-widget-container\">\n\t\t\t\t\t<h2 class=\"elementor-heading-title elementor-size-default\">SCI Real Estate &amp; Law<\/h2>\t\t\t\t<\/div>\n\t\t\t\t<\/div>\n\t\t\t\t\t<\/div>\n\t\t<\/div>\n\t\t\t\t<div class=\"elementor-column elementor-col-50 elementor-top-column elementor-element elementor-element-4457b32\" data-id=\"4457b32\" data-element_type=\"column\" data-e-type=\"column\" data-settings=\"{&quot;background_background&quot;:&quot;classic&quot;}\">\n\t\t\t<div class=\"elementor-widget-wrap elementor-element-populated\">\n\t\t\t\t\t\t<div class=\"elementor-element elementor-element-a7f0e1a elementor-widget elementor-widget-heading\" data-id=\"a7f0e1a\" data-element_type=\"widget\" data-e-type=\"widget\" data-widget_type=\"heading.default\">\n\t\t\t\t<div class=\"elementor-widget-container\">\n\t\t\t\t\t<h3 class=\"elementor-heading-title elementor-size-default\">\u00bfSab\u00edas que...?<\/h3>\t\t\t\t<\/div>\n\t\t\t\t<\/div>\n\t\t\t\t<div class=\"elementor-element elementor-element-cc95541 elementor-widget elementor-widget-text-editor\" data-id=\"cc95541\" data-element_type=\"widget\" data-e-type=\"widget\" data-widget_type=\"text-editor.default\">\n\t\t\t\t<div class=\"elementor-widget-container\">\n\t\t\t\t\t\t\t\t\tla compra de una propiedad en Espa\u00f1a debe hacerse ante notario e inscribirse en el registro de la propiedad?\r\n\t\t\t\t\t\t\t\t<\/div>\n\t\t\t\t<\/div>\n\t\t\t\t\t<\/div>\n\t\t<\/div>\n\t\t\t\t\t<\/div>\n\t\t<\/section>\n\t\t\t\t<section class=\"elementor-section elementor-top-section elementor-element elementor-element-847ba49 elementor-section-boxed elementor-section-height-default elementor-section-height-default\" data-id=\"847ba49\" data-element_type=\"section\" data-e-type=\"section\" data-settings=\"{&quot;background_background&quot;:&quot;classic&quot;}\">\n\t\t\t\t\t\t\t<div class=\"elementor-background-overlay\"><\/div>\n\t\t\t\t\t\t\t<div class=\"elementor-container elementor-column-gap-extended\">\n\t\t\t\t\t<div class=\"elementor-column elementor-col-50 elementor-top-column elementor-element elementor-element-33bfda3\" data-id=\"33bfda3\" data-element_type=\"column\" data-e-type=\"column\">\n\t\t\t<div class=\"elementor-widget-wrap elementor-element-populated\">\n\t\t\t\t\t\t<div class=\"elementor-element elementor-element-a812989 elementor-widget elementor-widget-heading\" data-id=\"a812989\" data-element_type=\"widget\" data-e-type=\"widget\" data-widget_type=\"heading.default\">\n\t\t\t\t<div class=\"elementor-widget-container\">\n\t\t\t\t\t<h4 class=\"elementor-heading-title elementor-size-default\">Contacta con nosotros<\/h4>\t\t\t\t<\/div>\n\t\t\t\t<\/div>\n\t\t\t\t<div class=\"elementor-element elementor-element-671cb3f elementor-widget-divider--view-line elementor-widget elementor-widget-divider\" data-id=\"671cb3f\" data-element_type=\"widget\" data-e-type=\"widget\" data-widget_type=\"divider.default\">\n\t\t\t\t<div class=\"elementor-widget-container\">\n\t\t\t\t\t\t\t<div class=\"elementor-divider\">\n\t\t\t<span class=\"elementor-divider-separator\">\n\t\t\t\t\t\t<\/span>\n\t\t<\/div>\n\t\t\t\t\t\t<\/div>\n\t\t\t\t<\/div>\n\t\t\t\t<div class=\"elementor-element elementor-element-38422de elementor-align-start elementor-icon-list--layout-traditional elementor-list-item-link-full_width elementor-widget elementor-widget-icon-list\" data-id=\"38422de\" data-element_type=\"widget\" data-e-type=\"widget\" data-widget_type=\"icon-list.default\">\n\t\t\t\t<div class=\"elementor-widget-container\">\n\t\t\t\t\t\t\t<ul class=\"elementor-icon-list-items\">\n\t\t\t\t\t\t\t<li class=\"elementor-icon-list-item\">\n\t\t\t\t\t\t\t\t\t\t\t<span class=\"elementor-icon-list-icon\">\n\t\t\t\t\t\t\t<i aria-hidden=\"true\" class=\"fas fa-phone-alt\"><\/i>\t\t\t\t\t\t<\/span>\n\t\t\t\t\t\t\t\t\t\t<span class=\"elementor-icon-list-text\">+34 664 218 119<\/span>\n\t\t\t\t\t\t\t\t\t<\/li>\n\t\t\t\t\t\t\t\t<li class=\"elementor-icon-list-item\">\n\t\t\t\t\t\t\t\t\t\t\t<span class=\"elementor-icon-list-icon\">\n\t\t\t\t\t\t\t<i aria-hidden=\"true\" class=\"fas fa-envelope-open\"><\/i>\t\t\t\t\t\t<\/span>\n\t\t\t\t\t\t\t\t\t\t<span class=\"elementor-icon-list-text\">alejandro@scilegal.es<\/span>\n\t\t\t\t\t\t\t\t\t<\/li>\n\t\t\t\t\t\t<\/ul>\n\t\t\t\t\t\t<\/div>\n\t\t\t\t<\/div>\n\t\t\t\t<div class=\"elementor-element elementor-element-5195841 elementor-widget elementor-widget-heading\" data-id=\"5195841\" data-element_type=\"widget\" data-e-type=\"widget\" data-widget_type=\"heading.default\">\n\t\t\t\t<div class=\"elementor-widget-container\">\n\t\t\t\t\t<h2 class=\"elementor-heading-title elementor-size-default\">Madrid<\/h2>\t\t\t\t<\/div>\n\t\t\t\t<\/div>\n\t\t\t\t<div class=\"elementor-element elementor-element-62ed3a1 elementor-widget elementor-widget-google_maps\" data-id=\"62ed3a1\" data-element_type=\"widget\" data-e-type=\"widget\" data-widget_type=\"google_maps.default\">\n\t\t\t\t<div class=\"elementor-widget-container\">\n\t\t\t\t\t\t\t<div class=\"elementor-custom-embed\">\n\t\t\t<iframe loading=\"lazy\"\n\t\t\t\t\tsrc=\"https:\/\/maps.google.com\/maps?q=calle%20dulce%20chac%C3%B3n%2C%20madrid&#038;t=m&#038;z=10&#038;output=embed&#038;iwloc=near\"\n\t\t\t\t\ttitle=\"calle dulce chac\u00f3n, madrid\"\n\t\t\t\t\taria-label=\"calle dulce chac\u00f3n, madrid\"\n\t\t\t><\/iframe>\n\t\t<\/div>\n\t\t\t\t\t\t<\/div>\n\t\t\t\t<\/div>\n\t\t\t\t<div class=\"elementor-element elementor-element-fc17799 elementor-widget elementor-widget-heading\" data-id=\"fc17799\" data-element_type=\"widget\" data-e-type=\"widget\" data-widget_type=\"heading.default\">\n\t\t\t\t<div class=\"elementor-widget-container\">\n\t\t\t\t\t<h2 class=\"elementor-heading-title elementor-size-default\">M\u00e1laga<\/h2>\t\t\t\t<\/div>\n\t\t\t\t<\/div>\n\t\t\t\t<div class=\"elementor-element elementor-element-a2e8687 elementor-widget elementor-widget-google_maps\" data-id=\"a2e8687\" data-element_type=\"widget\" data-e-type=\"widget\" data-widget_type=\"google_maps.default\">\n\t\t\t\t<div class=\"elementor-widget-container\">\n\t\t\t\t\t\t\t<div class=\"elementor-custom-embed\">\n\t\t\t<iframe loading=\"lazy\"\n\t\t\t\t\tsrc=\"https:\/\/maps.google.com\/maps?q=calle%20Nogal%20del%20Higuer%C3%B3n%2C%20en%20Benalm%C3%A1dena&#038;t=m&#038;z=10&#038;output=embed&#038;iwloc=near\"\n\t\t\t\t\ttitle=\"calle Nogal del Higuer\u00f3n, en Benalm\u00e1dena\"\n\t\t\t\t\taria-label=\"calle Nogal del Higuer\u00f3n, en Benalm\u00e1dena\"\n\t\t\t><\/iframe>\n\t\t<\/div>\n\t\t\t\t\t\t<\/div>\n\t\t\t\t<\/div>\n\t\t\t\t\t<\/div>\n\t\t<\/div>\n\t\t\t\t<div class=\"elementor-column elementor-col-50 elementor-top-column elementor-element elementor-element-a5fd68c\" data-id=\"a5fd68c\" data-element_type=\"column\" data-e-type=\"column\">\n\t\t\t<div class=\"elementor-widget-wrap elementor-element-populated\">\n\t\t\t\t\t\t<div class=\"elementor-element elementor-element-c1fea64 elementor-button-align-stretch elementor-widget elementor-widget-form\" data-id=\"c1fea64\" data-element_type=\"widget\" data-e-type=\"widget\" data-settings=\"{&quot;step_next_label&quot;:&quot;Next&quot;,&quot;step_previous_label&quot;:&quot;Previous&quot;,&quot;button_width&quot;:&quot;100&quot;,&quot;step_type&quot;:&quot;number_text&quot;,&quot;step_icon_shape&quot;:&quot;circle&quot;}\" data-widget_type=\"form.default\">\n\t\t\t\t<div class=\"elementor-widget-container\">\n\t\t\t\t\t\t\t<form class=\"elementor-form\" method=\"post\" name=\"SCI (Es)\" aria-label=\"SCI (Es)\">\n\t\t\t<input type=\"hidden\" name=\"post_id\" value=\"659\"\/>\n\t\t\t<input type=\"hidden\" name=\"form_id\" value=\"c1fea64\"\/>\n\t\t\t<input type=\"hidden\" name=\"referer_title\" value=\"Contacto con nosotros - Spanish Companies Incorporation\" \/>\n\n\t\t\t\t\t\t\t<input type=\"hidden\" name=\"queried_id\" value=\"659\"\/>\n\t\t\t\n\t\t\t<div class=\"elementor-form-fields-wrapper elementor-labels-above\">\n\t\t\t\t\t\t\t\t<div class=\"elementor-field-type-text elementor-field-group elementor-column elementor-field-group-name elementor-col-100 elementor-field-required\">\n\t\t\t\t\t\t\t\t\t\t\t\t<label for=\"form-field-name\" class=\"elementor-field-label\">\n\t\t\t\t\t\t\t\tNombre\t\t\t\t\t\t\t<\/label>\n\t\t\t\t\t\t\t\t\t\t\t\t\t\t<input size=\"1\" type=\"text\" name=\"form_fields[name]\" id=\"form-field-name\" class=\"elementor-field elementor-size-sm  elementor-field-textual\" placeholder=\"Nombre\" required=\"required\">\n\t\t\t\t\t\t\t\t\t\t\t<\/div>\n\t\t\t\t\t\t\t\t<div class=\"elementor-field-type-email elementor-field-group elementor-column elementor-field-group-email elementor-col-50 elementor-field-required\">\n\t\t\t\t\t\t\t\t\t\t\t\t<label for=\"form-field-email\" class=\"elementor-field-label\">\n\t\t\t\t\t\t\t\tEmail\t\t\t\t\t\t\t<\/label>\n\t\t\t\t\t\t\t\t\t\t\t\t\t\t<input size=\"1\" type=\"email\" name=\"form_fields[email]\" id=\"form-field-email\" class=\"elementor-field elementor-size-sm  elementor-field-textual\" placeholder=\"Email\" required=\"required\">\n\t\t\t\t\t\t\t\t\t\t\t<\/div>\n\t\t\t\t\t\t\t\t<div class=\"elementor-field-type-tel elementor-field-group elementor-column elementor-field-group-field_540ad87 elementor-col-50\">\n\t\t\t\t\t\t\t\t\t\t\t\t<label for=\"form-field-field_540ad87\" class=\"elementor-field-label\">\n\t\t\t\t\t\t\t\tTel\u00e9fono\t\t\t\t\t\t\t<\/label>\n\t\t\t\t\t\t\t\t<input size=\"1\" type=\"tel\" name=\"form_fields[field_540ad87]\" id=\"form-field-field_540ad87\" class=\"elementor-field elementor-size-sm  elementor-field-textual\" placeholder=\"Tel\u00e9fono\" pattern=\"[0-9()#&amp;+*-=.]+\" title=\"Solo se aceptan n\u00fameros y caracteres de tel\u00e9fono (#,-,*,etc).\">\n\n\t\t\t\t\t\t<\/div>\n\t\t\t\t\t\t\t\t<div class=\"elementor-field-type-textarea elementor-field-group elementor-column elementor-field-group-message elementor-col-100\">\n\t\t\t\t\t\t\t\t\t\t\t\t<label for=\"form-field-message\" class=\"elementor-field-label\">\n\t\t\t\t\t\t\t\tMensaje\t\t\t\t\t\t\t<\/label>\n\t\t\t\t\t\t<textarea class=\"elementor-field-textual elementor-field  elementor-size-sm\" name=\"form_fields[message]\" id=\"form-field-message\" rows=\"2\" placeholder=\"Mensaje\"><\/textarea>\t\t\t\t<\/div>\n\t\t\t\t\t\t\t\t<div class=\"elementor-field-type-acceptance elementor-field-group elementor-column elementor-field-group-field_09b8f2a elementor-col-100\">\n\t\t\t\t\t\t\t<div class=\"elementor-field-subgroup\">\n\t\t\t<span class=\"elementor-field-option\">\n\t\t\t\t<input type=\"checkbox\" name=\"form_fields[field_09b8f2a]\" id=\"form-field-field_09b8f2a\" class=\"elementor-field elementor-size-sm  elementor-acceptance-field\">\n\t\t\t\t<label for=\"form-field-field_09b8f2a\">He le\u00eddo y acepto la <a href=\"https:\/\/spanishcompaniesincorporation.com\/es\/politica-privacidad\/\" target=\"_blank\">pol\u00edtica de privacidad<\/a><\/label>\t\t\t<\/span>\n\t\t<\/div>\n\t\t\t\t\t\t<\/div>\n\t\t\t\t\t\t\t\t<div class=\"elementor-field-type-recaptcha_v3 elementor-field-group elementor-column elementor-field-group-field_2650899 elementor-col-100 recaptcha_v3-bottomleft\">\n\t\t\t\t\t<div class=\"elementor-field\" id=\"form-field-field_2650899\"><div class=\"elementor-g-recaptcha\" data-sitekey=\"6LcS2P4hAAAAAMQ8qzClw4Oh4kJ9qK090KJme9pF\" data-type=\"v3\" data-action=\"Form\" data-badge=\"bottomleft\" data-size=\"invisible\"><\/div><\/div>\t\t\t\t<\/div>\n\t\t\t\t\t\t\t\t<div class=\"elementor-field-group elementor-column elementor-field-type-submit elementor-col-100 e-form__buttons\">\n\t\t\t\t\t<button class=\"elementor-button elementor-size-md\" type=\"submit\">\n\t\t\t\t\t\t<span class=\"elementor-button-content-wrapper\">\n\t\t\t\t\t\t\t\t\t\t\t\t\t\t\t\t\t\t\t\t\t\t<span class=\"elementor-button-text\">Enviar<\/span>\n\t\t\t\t\t\t\t\t\t\t\t\t\t<\/span>\n\t\t\t\t\t<\/button>\n\t\t\t\t<\/div>\n\t\t\t<\/div>\n\t\t<\/form>\n\t\t\t\t\t\t<\/div>\n\t\t\t\t<\/div>\n\t\t\t\t<div class=\"elementor-element elementor-element-fa27567 elementor-widget elementor-widget-toggle\" data-id=\"fa27567\" data-element_type=\"widget\" data-e-type=\"widget\" data-widget_type=\"toggle.default\">\n\t\t\t\t<div class=\"elementor-widget-container\">\n\t\t\t\t\t\t\t<div class=\"elementor-toggle\">\n\t\t\t\t\t\t\t<div class=\"elementor-toggle-item\">\n\t\t\t\t\t<div id=\"elementor-tab-title-2621\" class=\"elementor-tab-title\" data-tab=\"1\" role=\"button\" aria-controls=\"elementor-tab-content-2621\" aria-expanded=\"false\">\n\t\t\t\t\t\t\t\t\t\t\t\t<span class=\"elementor-toggle-icon elementor-toggle-icon-left\" aria-hidden=\"true\">\n\t\t\t\t\t\t\t\t\t\t\t\t\t\t\t<span class=\"elementor-toggle-icon-closed\"><i class=\"fas fa-caret-right\"><\/i><\/span>\n\t\t\t\t\t\t\t\t<span class=\"elementor-toggle-icon-opened\"><i class=\"elementor-toggle-icon-opened fas fa-caret-up\"><\/i><\/span>\n\t\t\t\t\t\t\t\t\t\t\t\t\t<\/span>\n\t\t\t\t\t\t\t\t\t\t\t\t<a class=\"elementor-toggle-title\" tabindex=\"0\">Antes de enviar el formulario, debes leer la informaci\u00f3n b\u00e1sica sobre protecci\u00f3n de datos aqu\u00ed.<\/a>\n\t\t\t\t\t<\/div>\n\n\t\t\t\t\t<div id=\"elementor-tab-content-2621\" class=\"elementor-tab-content elementor-clearfix\" data-tab=\"1\" role=\"region\" aria-labelledby=\"elementor-tab-title-2621\"><p>Informaci\u00f3n b\u00e1sica sobre protecci\u00f3n de datos:<\/p><ul><li><strong>Responsable: <\/strong>SCI &#8211; Spanish Companies Incorporation<\/li><li><strong>Finalidad:\u00a0<\/strong>responder a tu consulta y enviarte informaci\u00f3n \u00fatil sobre nuestros servicios.<\/li><li><strong>Legitimaci\u00f3n:\u00a0<\/strong>tu consentimiento a trav\u00e9s de este formulario.<\/li><li><strong>Destinatarios: <\/strong>no tenemos previsto ceder sus datos a terceros, salvo por obligaci\u00f3n legal.<\/li><li><strong>Derechos:\u00a0<\/strong>tienes derecho a acceder, rectificar, suprimir, portabilidad y oposici\u00f3n a tus datos.<\/li><li><strong>Info adicional:<\/strong>\u00a0puedes consultar la informaci\u00f3n adicional y detallada sobre protecci\u00f3n de datos en el enlace al pie de esta p\u00e1gina.<\/li><\/ul><\/div>\n\t\t\t\t<\/div>\n\t\t\t\t\t\t\t\t<\/div>\n\t\t\t\t\t\t<\/div>\n\t\t\t\t<\/div>\n\t\t\t\t\t<\/div>\n\t\t<\/div>\n\t\t\t\t\t<\/div>\n\t\t<\/section>\n\t\t\t\t<\/div>\n\t\t","protected":false},"excerpt":{"rendered":"<p>SCI Real Estate &amp; Law \u00bfSab\u00edas que&#8230;? la compra de una propiedad en Espa\u00f1a debe hacerse ante notario e inscribirse en el registro de la propiedad? Contacta con nosotros +34 664 218 119 alejandro@scilegal.es Madrid M\u00e1laga Antes de enviar el formulario, debes leer la informaci\u00f3n b\u00e1sica sobre protecci\u00f3n de datos aqu\u00ed. Informaci\u00f3n b\u00e1sica sobre protecci\u00f3n &#8230; <a title=\"Contacto\" class=\"read-more\" href=\"https:\/\/spanishcompaniesincorporation.com\/es\/contacto\/\" aria-label=\"Leer m\u00e1s sobre Contacto\">Leer m\u00e1s<\/a><\/p>\n","protected":false},"author":1,"featured_media":0,"parent":0,"menu_order":0,"comment_status":"closed","ping_status":"closed","template":"elementor_header_footer","meta":{"footnotes":""},"class_list":["post-659","page","type-page","status-publish"],"yoast_head":"<!-- This site is optimized with the Yoast SEO plugin v27.4 - https:\/\/yoast.com\/product\/yoast-seo-wordpress\/ -->\n<title>Contacto con nosotros - Spanish Companies Incorporation<\/title>\n<meta name=\"description\" content=\"Ponte en contacto con nosotros y resolveremos todas tus dudas sobre la creaci\u00f3n de empresas en Espa\u00f1a. Podemos ayudarte.\" \/>\n<meta name=\"robots\" content=\"index, follow, max-snippet:-1, max-image-preview:large, max-video-preview:-1\" \/>\n<link rel=\"canonical\" href=\"https:\/\/spanishcompaniesincorporation.com\/es\/contacto\/\" \/>\n<meta property=\"og:locale\" content=\"es_ES\" \/>\n<meta property=\"og:type\" content=\"article\" \/>\n<meta property=\"og:title\" content=\"Contacto con nosotros - Spanish Companies Incorporation\" \/>\n<meta property=\"og:description\" content=\"Ponte en contacto con nosotros y resolveremos todas tus dudas sobre la creaci\u00f3n de empresas en Espa\u00f1a. Podemos ayudarte.\" \/>\n<meta property=\"og:url\" content=\"https:\/\/spanishcompaniesincorporation.com\/es\/contacto\/\" \/>\n<meta property=\"og:site_name\" content=\"Spanish Companies Incorporation\" \/>\n<meta property=\"article:modified_time\" content=\"2025-10-23T14:19:38+00:00\" \/>\n<meta name=\"twitter:card\" content=\"summary_large_image\" \/>\n<meta name=\"twitter:label1\" content=\"Tiempo de lectura\" \/>\n\t<meta name=\"twitter:data1\" content=\"1 minuto\" \/>\n<script type=\"application\/ld+json\" class=\"yoast-schema-graph\">{\"@context\":\"https:\\\/\\\/schema.org\",\"@graph\":[{\"@type\":\"WebPage\",\"@id\":\"https:\\\/\\\/spanishcompaniesincorporation.com\\\/es\\\/contacto\\\/\",\"url\":\"https:\\\/\\\/spanishcompaniesincorporation.com\\\/es\\\/contacto\\\/\",\"name\":\"Contacto con nosotros - Spanish Companies Incorporation\",\"isPartOf\":{\"@id\":\"https:\\\/\\\/spanishcompaniesincorporation.com\\\/es\\\/#website\"},\"datePublished\":\"2022-06-24T09:49:54+00:00\",\"dateModified\":\"2025-10-23T14:19:38+00:00\",\"description\":\"Ponte en contacto con nosotros y resolveremos todas tus dudas sobre la creaci\u00f3n de empresas en Espa\u00f1a. Podemos ayudarte.\",\"breadcrumb\":{\"@id\":\"https:\\\/\\\/spanishcompaniesincorporation.com\\\/es\\\/contacto\\\/#breadcrumb\"},\"inLanguage\":\"es\",\"potentialAction\":[{\"@type\":\"ReadAction\",\"target\":[\"https:\\\/\\\/spanishcompaniesincorporation.com\\\/es\\\/contacto\\\/\"]}]},{\"@type\":\"BreadcrumbList\",\"@id\":\"https:\\\/\\\/spanishcompaniesincorporation.com\\\/es\\\/contacto\\\/#breadcrumb\",\"itemListElement\":[{\"@type\":\"ListItem\",\"position\":1,\"name\":\"Portada\",\"item\":\"https:\\\/\\\/spanishcompaniesincorporation.com\\\/es\\\/\"},{\"@type\":\"ListItem\",\"position\":2,\"name\":\"Contacto\"}]},{\"@type\":\"WebSite\",\"@id\":\"https:\\\/\\\/spanishcompaniesincorporation.com\\\/es\\\/#website\",\"url\":\"https:\\\/\\\/spanishcompaniesincorporation.com\\\/es\\\/\",\"name\":\"Spanish Companies Incorporation\",\"description\":\"SCI will be with you through the whole process until your company is fully registered and with an operative bank account.\",\"publisher\":{\"@id\":\"https:\\\/\\\/spanishcompaniesincorporation.com\\\/es\\\/#organization\"},\"potentialAction\":[{\"@type\":\"SearchAction\",\"target\":{\"@type\":\"EntryPoint\",\"urlTemplate\":\"https:\\\/\\\/spanishcompaniesincorporation.com\\\/es\\\/?s={search_term_string}\"},\"query-input\":{\"@type\":\"PropertyValueSpecification\",\"valueRequired\":true,\"valueName\":\"search_term_string\"}}],\"inLanguage\":\"es\"},{\"@type\":\"Organization\",\"@id\":\"https:\\\/\\\/spanishcompaniesincorporation.com\\\/es\\\/#organization\",\"name\":\"SCI Spanish Companies Incorporation\",\"url\":\"https:\\\/\\\/spanishcompaniesincorporation.com\\\/es\\\/\",\"logo\":{\"@type\":\"ImageObject\",\"inLanguage\":\"es\",\"@id\":\"https:\\\/\\\/spanishcompaniesincorporation.com\\\/es\\\/#\\\/schema\\\/logo\\\/image\\\/\",\"url\":\"https:\\\/\\\/spanishcompaniesincorporation.com\\\/wp-content\\\/uploads\\\/Logo-SCI-2.jpg\",\"contentUrl\":\"https:\\\/\\\/spanishcompaniesincorporation.com\\\/wp-content\\\/uploads\\\/Logo-SCI-2.jpg\",\"width\":1573,\"height\":602,\"caption\":\"SCI Spanish Companies Incorporation\"},\"image\":{\"@id\":\"https:\\\/\\\/spanishcompaniesincorporation.com\\\/es\\\/#\\\/schema\\\/logo\\\/image\\\/\"}}]}<\/script>\n<!-- \/ Yoast SEO plugin. -->","yoast_head_json":{"title":"Contacto con nosotros - Spanish Companies Incorporation","description":"Ponte en contacto con nosotros y resolveremos todas tus dudas sobre la creaci\u00f3n de empresas en Espa\u00f1a. Podemos ayudarte.","robots":{"index":"index","follow":"follow","max-snippet":"max-snippet:-1","max-image-preview":"max-image-preview:large","max-video-preview":"max-video-preview:-1"},"canonical":"https:\/\/spanishcompaniesincorporation.com\/es\/contacto\/","og_locale":"es_ES","og_type":"article","og_title":"Contacto con nosotros - Spanish Companies Incorporation","og_description":"Ponte en contacto con nosotros y resolveremos todas tus dudas sobre la creaci\u00f3n de empresas en Espa\u00f1a. Podemos ayudarte.","og_url":"https:\/\/spanishcompaniesincorporation.com\/es\/contacto\/","og_site_name":"Spanish Companies Incorporation","article_modified_time":"2025-10-23T14:19:38+00:00","twitter_card":"summary_large_image","twitter_misc":{"Tiempo de lectura":"1 minuto"},"schema":{"@context":"https:\/\/schema.org","@graph":[{"@type":"WebPage","@id":"https:\/\/spanishcompaniesincorporation.com\/es\/contacto\/","url":"https:\/\/spanishcompaniesincorporation.com\/es\/contacto\/","name":"Contacto con nosotros - Spanish Companies Incorporation","isPartOf":{"@id":"https:\/\/spanishcompaniesincorporation.com\/es\/#website"},"datePublished":"2022-06-24T09:49:54+00:00","dateModified":"2025-10-23T14:19:38+00:00","description":"Ponte en contacto con nosotros y resolveremos todas tus dudas sobre la creaci\u00f3n de empresas en Espa\u00f1a. Podemos ayudarte.","breadcrumb":{"@id":"https:\/\/spanishcompaniesincorporation.com\/es\/contacto\/#breadcrumb"},"inLanguage":"es","potentialAction":[{"@type":"ReadAction","target":["https:\/\/spanishcompaniesincorporation.com\/es\/contacto\/"]}]},{"@type":"BreadcrumbList","@id":"https:\/\/spanishcompaniesincorporation.com\/es\/contacto\/#breadcrumb","itemListElement":[{"@type":"ListItem","position":1,"name":"Portada","item":"https:\/\/spanishcompaniesincorporation.com\/es\/"},{"@type":"ListItem","position":2,"name":"Contacto"}]},{"@type":"WebSite","@id":"https:\/\/spanishcompaniesincorporation.com\/es\/#website","url":"https:\/\/spanishcompaniesincorporation.com\/es\/","name":"Spanish Companies Incorporation","description":"SCI will be with you through the whole process until your company is fully registered and with an operative bank account.","publisher":{"@id":"https:\/\/spanishcompaniesincorporation.com\/es\/#organization"},"potentialAction":[{"@type":"SearchAction","target":{"@type":"EntryPoint","urlTemplate":"https:\/\/spanishcompaniesincorporation.com\/es\/?s={search_term_string}"},"query-input":{"@type":"PropertyValueSpecification","valueRequired":true,"valueName":"search_term_string"}}],"inLanguage":"es"},{"@type":"Organization","@id":"https:\/\/spanishcompaniesincorporation.com\/es\/#organization","name":"SCI Spanish Companies Incorporation","url":"https:\/\/spanishcompaniesincorporation.com\/es\/","logo":{"@type":"ImageObject","inLanguage":"es","@id":"https:\/\/spanishcompaniesincorporation.com\/es\/#\/schema\/logo\/image\/","url":"https:\/\/spanishcompaniesincorporation.com\/wp-content\/uploads\/Logo-SCI-2.jpg","contentUrl":"https:\/\/spanishcompaniesincorporation.com\/wp-content\/uploads\/Logo-SCI-2.jpg","width":1573,"height":602,"caption":"SCI Spanish Companies Incorporation"},"image":{"@id":"https:\/\/spanishcompaniesincorporation.com\/es\/#\/schema\/logo\/image\/"}}]}},"_links":{"self":[{"href":"https:\/\/spanishcompaniesincorporation.com\/es\/wp-json\/wp\/v2\/pages\/659","targetHints":{"allow":["GET"]}}],"collection":[{"href":"https:\/\/spanishcompaniesincorporation.com\/es\/wp-json\/wp\/v2\/pages"}],"about":[{"href":"https:\/\/spanishcompaniesincorporation.com\/es\/wp-json\/wp\/v2\/types\/page"}],"author":[{"embeddable":true,"href":"https:\/\/spanishcompaniesincorporation.com\/es\/wp-json\/wp\/v2\/users\/1"}],"replies":[{"embeddable":true,"href":"https:\/\/spanishcompaniesincorporation.com\/es\/wp-json\/wp\/v2\/comments?post=659"}],"version-history":[{"count":5,"href":"https:\/\/spanishcompaniesincorporation.com\/es\/wp-json\/wp\/v2\/pages\/659\/revisions"}],"predecessor-version":[{"id":3725,"href":"https:\/\/spanishcompaniesincorporation.com\/es\/wp-json\/wp\/v2\/pages\/659\/revisions\/3725"}],"wp:attachment":[{"href":"https:\/\/spanishcompaniesincorporation.com\/es\/wp-json\/wp\/v2\/media?parent=659"}],"curies":[{"name":"wp","href":"https:\/\/api.w.org\/{rel}","templated":true}]}}