{"id":657,"date":"2022-06-24T10:49:11","date_gmt":"2022-06-24T09:49:11","guid":{"rendered":"https:\/\/spanishcompaniesincorporation.com\/quienes-somos\/"},"modified":"2025-10-23T15:18:28","modified_gmt":"2025-10-23T14:18:28","slug":"quienes-somos","status":"publish","type":"page","link":"https:\/\/spanishcompaniesincorporation.com\/es\/quienes-somos\/","title":{"rendered":"Qui\u00e9nes somos"},"content":{"rendered":"\t\t<div data-elementor-type=\"wp-page\" data-elementor-id=\"657\" class=\"elementor elementor-657 elementor-71\" data-elementor-post-type=\"page\">\n\t\t\t\t\t\t<section class=\"elementor-section elementor-top-section elementor-element elementor-element-908b8fc elementor-section-height-min-height elementor-section-items-top elementor-section-boxed elementor-section-height-default\" data-id=\"908b8fc\" data-element_type=\"section\" data-e-type=\"section\" data-settings=\"{&quot;background_background&quot;:&quot;classic&quot;}\">\n\t\t\t\t\t\t\t<div class=\"elementor-background-overlay\"><\/div>\n\t\t\t\t\t\t\t<div class=\"elementor-container elementor-column-gap-no\">\n\t\t\t\t\t<div class=\"elementor-column elementor-col-100 elementor-top-column elementor-element elementor-element-0ce4883\" data-id=\"0ce4883\" data-element_type=\"column\" data-e-type=\"column\">\n\t\t\t<div class=\"elementor-widget-wrap\">\n\t\t\t\t\t\t\t<\/div>\n\t\t<\/div>\n\t\t\t\t\t<\/div>\n\t\t<\/section>\n\t\t\t\t<section class=\"elementor-section elementor-top-section elementor-element elementor-element-f35f49a elementor-section-boxed elementor-section-height-default elementor-section-height-default\" data-id=\"f35f49a\" data-element_type=\"section\" data-e-type=\"section\" data-settings=\"{&quot;background_background&quot;:&quot;classic&quot;}\">\n\t\t\t\t\t\t<div class=\"elementor-container elementor-column-gap-default\">\n\t\t\t\t\t<div class=\"elementor-column elementor-col-50 elementor-top-column elementor-element elementor-element-2d77a30\" data-id=\"2d77a30\" data-element_type=\"column\" data-e-type=\"column\">\n\t\t\t<div class=\"elementor-widget-wrap elementor-element-populated\">\n\t\t\t\t\t\t<div class=\"elementor-element elementor-element-1fe7638 elementor-widget elementor-widget-heading\" data-id=\"1fe7638\" data-element_type=\"widget\" data-e-type=\"widget\" data-widget_type=\"heading.default\">\n\t\t\t\t<div class=\"elementor-widget-container\">\n\t\t\t\t\t<h2 class=\"elementor-heading-title elementor-size-default\">SCI Real Estate &amp; Law<\/h2>\t\t\t\t<\/div>\n\t\t\t\t<\/div>\n\t\t\t\t\t<\/div>\n\t\t<\/div>\n\t\t\t\t<div class=\"elementor-column elementor-col-50 elementor-top-column elementor-element elementor-element-4b62b8f\" data-id=\"4b62b8f\" data-element_type=\"column\" data-e-type=\"column\" data-settings=\"{&quot;background_background&quot;:&quot;classic&quot;}\">\n\t\t\t<div class=\"elementor-widget-wrap elementor-element-populated\">\n\t\t\t\t\t\t<div class=\"elementor-element elementor-element-c055292 elementor-widget elementor-widget-heading\" data-id=\"c055292\" data-element_type=\"widget\" data-e-type=\"widget\" data-widget_type=\"heading.default\">\n\t\t\t\t<div class=\"elementor-widget-container\">\n\t\t\t\t\t<h3 class=\"elementor-heading-title elementor-size-default\">\u00bfSab\u00edas que...?<\/h3>\t\t\t\t<\/div>\n\t\t\t\t<\/div>\n\t\t\t\t<div class=\"elementor-element elementor-element-89d7140 elementor-widget elementor-widget-text-editor\" data-id=\"89d7140\" data-element_type=\"widget\" data-e-type=\"widget\" data-widget_type=\"text-editor.default\">\n\t\t\t\t<div class=\"elementor-widget-container\">\n\t\t\t\t\t\t\t\t\tun Consejo de Administraci\u00f3n necesita reunirse al menos 4 veces al a\u00f1o en Espa\u00f1a?\t\t\t\t\t\t\t\t<\/div>\n\t\t\t\t<\/div>\n\t\t\t\t\t<\/div>\n\t\t<\/div>\n\t\t\t\t\t<\/div>\n\t\t<\/section>\n\t\t\t\t<section class=\"elementor-section elementor-top-section elementor-element elementor-element-2d7ca92 elementor-section-boxed elementor-section-height-default elementor-section-height-default\" data-id=\"2d7ca92\" data-element_type=\"section\" data-e-type=\"section\" data-settings=\"{&quot;background_background&quot;:&quot;classic&quot;}\">\n\t\t\t\t\t\t\t<div class=\"elementor-background-overlay\"><\/div>\n\t\t\t\t\t\t\t<div class=\"elementor-container elementor-column-gap-extended\">\n\t\t\t\t\t<div class=\"elementor-column elementor-col-50 elementor-top-column elementor-element elementor-element-d4a3b79\" data-id=\"d4a3b79\" data-element_type=\"column\" data-e-type=\"column\">\n\t\t\t<div class=\"elementor-widget-wrap elementor-element-populated\">\n\t\t\t\t\t\t<div class=\"elementor-element elementor-element-5f00bd4 elementor-widget elementor-widget-heading\" data-id=\"5f00bd4\" data-element_type=\"widget\" data-e-type=\"widget\" data-widget_type=\"heading.default\">\n\t\t\t\t<div class=\"elementor-widget-container\">\n\t\t\t\t\t<h4 class=\"elementor-heading-title elementor-size-default\">\u00bfQui\u00e9nes somos?<\/h4>\t\t\t\t<\/div>\n\t\t\t\t<\/div>\n\t\t\t\t<div class=\"elementor-element elementor-element-371b017 elementor-widget-divider--view-line elementor-widget elementor-widget-divider\" data-id=\"371b017\" data-element_type=\"widget\" data-e-type=\"widget\" data-widget_type=\"divider.default\">\n\t\t\t\t<div class=\"elementor-widget-container\">\n\t\t\t\t\t\t\t<div class=\"elementor-divider\">\n\t\t\t<span class=\"elementor-divider-separator\">\n\t\t\t\t\t\t<\/span>\n\t\t<\/div>\n\t\t\t\t\t\t<\/div>\n\t\t\t\t<\/div>\n\t\t\t\t<div class=\"elementor-element elementor-element-5989b46 elementor-widget elementor-widget-text-editor\" data-id=\"5989b46\" data-element_type=\"widget\" data-e-type=\"widget\" data-widget_type=\"text-editor.default\">\n\t\t\t\t<div class=\"elementor-widget-container\">\n\t\t\t\t\t\t\t\t\t<p><strong>SCI Real Estate &amp; Law<\/strong>, su <strong>socio espa\u00f1ol<\/strong> para la <strong>implementaci\u00f3n de su negocio en Espa\u00f1a<\/strong> y para brindarle la <strong>asistencia corporativa<\/strong> necesaria durante todo el proceso.<\/p><p>Somos un <strong>Proveedor de Servicios Jur\u00eddicos<\/strong> para empresas espa\u00f1olas y clientes tanto extranjeros como nacionales.<\/p><p>Adem\u00e1s, ayudamos a clientes individuales e inversores interesados \u200b\u200ben la <strong>industria inmobiliaria espa\u00f1ola<\/strong>, brindando asistencia para la <strong>compra, mantenimiento y venta<\/strong> de propiedades en Espa\u00f1a.<\/p><p>H\u00e1blenos de su proyecto y le enviaremos una propuesta de servicios hecha a medida para cubrir todas sus necesidades.<\/p>\t\t\t\t\t\t\t\t<\/div>\n\t\t\t\t<\/div>\n\t\t\t\t<div class=\"elementor-element elementor-element-b7b0e79 elementor-mobile-align-left elementor-align-center elementor-tablet-align-left elementor-widget elementor-widget-button\" data-id=\"b7b0e79\" data-element_type=\"widget\" data-e-type=\"widget\" data-widget_type=\"button.default\">\n\t\t\t\t<div class=\"elementor-widget-container\">\n\t\t\t\t\t\t\t\t\t<div class=\"elementor-button-wrapper\">\n\t\t\t\t\t<a class=\"elementor-button elementor-button-link elementor-size-sm\" href=\"https:\/\/spanishcompaniesincorporation.com\/es\/contacto\/\">\n\t\t\t\t\t\t<span class=\"elementor-button-content-wrapper\">\n\t\t\t\t\t\t\t\t\t<span class=\"elementor-button-text\">Contacta con nosotros<\/span>\n\t\t\t\t\t<\/span>\n\t\t\t\t\t<\/a>\n\t\t\t\t<\/div>\n\t\t\t\t\t\t\t\t<\/div>\n\t\t\t\t<\/div>\n\t\t\t\t\t<\/div>\n\t\t<\/div>\n\t\t\t\t<div class=\"elementor-column elementor-col-50 elementor-top-column elementor-element elementor-element-76e6452\" data-id=\"76e6452\" data-element_type=\"column\" data-e-type=\"column\">\n\t\t\t<div class=\"elementor-widget-wrap elementor-element-populated\">\n\t\t\t\t\t\t<div class=\"elementor-element elementor-element-5ad6b40 elementor-widget elementor-widget-image\" data-id=\"5ad6b40\" data-element_type=\"widget\" data-e-type=\"widget\" data-widget_type=\"image.default\">\n\t\t\t\t<div class=\"elementor-widget-container\">\n\t\t\t\t\t\t\t\t\t\t\t\t\t\t\t<img fetchpriority=\"high\" decoding=\"async\" width=\"698\" height=\"1024\" src=\"https:\/\/spanishcompaniesincorporation.com\/wp-content\/uploads\/equipo-sci-698x1024.jpg\" class=\"attachment-large size-large wp-image-594\" alt=\"equipo sci\" srcset=\"https:\/\/spanishcompaniesincorporation.com\/wp-content\/uploads\/equipo-sci-698x1024.jpg 698w, https:\/\/spanishcompaniesincorporation.com\/wp-content\/uploads\/equipo-sci-768x1127.jpg 768w, https:\/\/spanishcompaniesincorporation.com\/wp-content\/uploads\/equipo-sci.jpg 800w\" sizes=\"(max-width: 698px) 100vw, 698px\" \/>\t\t\t\t\t\t\t\t\t\t\t\t\t\t\t<\/div>\n\t\t\t\t<\/div>\n\t\t\t\t\t<\/div>\n\t\t<\/div>\n\t\t\t\t\t<\/div>\n\t\t<\/section>\n\t\t\t\t<section class=\"elementor-section elementor-top-section elementor-element elementor-element-b77b862 elementor-section-boxed elementor-section-height-default elementor-section-height-default\" data-id=\"b77b862\" data-element_type=\"section\" data-e-type=\"section\">\n\t\t\t\t\t\t<div class=\"elementor-container elementor-column-gap-default\">\n\t\t\t\t\t<div class=\"elementor-column elementor-col-50 elementor-top-column elementor-element elementor-element-542d20c\" data-id=\"542d20c\" data-element_type=\"column\" data-e-type=\"column\">\n\t\t\t<div class=\"elementor-widget-wrap elementor-element-populated\">\n\t\t\t\t\t\t<div class=\"elementor-element elementor-element-7b96390 elementor-widget elementor-widget-image\" data-id=\"7b96390\" data-element_type=\"widget\" data-e-type=\"widget\" data-widget_type=\"image.default\">\n\t\t\t\t<div class=\"elementor-widget-container\">\n\t\t\t\t\t\t\t\t\t\t\t\t\t\t\t<img decoding=\"async\" width=\"768\" height=\"1024\" src=\"https:\/\/spanishcompaniesincorporation.com\/wp-content\/uploads\/IMG_9319-768x1024.jpg\" class=\"attachment-large size-large wp-image-1752\" alt=\"\" srcset=\"https:\/\/spanishcompaniesincorporation.com\/wp-content\/uploads\/IMG_9319-768x1024.jpg 768w, https:\/\/spanishcompaniesincorporation.com\/wp-content\/uploads\/IMG_9319-1152x1536.jpg 1152w, https:\/\/spanishcompaniesincorporation.com\/wp-content\/uploads\/IMG_9319-1536x2048.jpg 1536w, https:\/\/spanishcompaniesincorporation.com\/wp-content\/uploads\/IMG_9319-scaled.jpg 1920w\" sizes=\"(max-width: 768px) 100vw, 768px\" \/>\t\t\t\t\t\t\t\t\t\t\t\t\t\t\t<\/div>\n\t\t\t\t<\/div>\n\t\t\t\t\t<\/div>\n\t\t<\/div>\n\t\t\t\t<div class=\"elementor-column elementor-col-50 elementor-top-column elementor-element elementor-element-4458ca3\" data-id=\"4458ca3\" data-element_type=\"column\" data-e-type=\"column\">\n\t\t\t<div class=\"elementor-widget-wrap\">\n\t\t\t\t\t\t\t<\/div>\n\t\t<\/div>\n\t\t\t\t\t<\/div>\n\t\t<\/section>\n\t\t\t\t<\/div>\n\t\t","protected":false},"excerpt":{"rendered":"<p>SCI Real Estate &amp; Law \u00bfSab\u00edas que&#8230;? un Consejo de Administraci\u00f3n necesita reunirse al menos 4 veces al a\u00f1o en Espa\u00f1a? \u00bfQui\u00e9nes somos? SCI Real Estate &amp; Law, su socio espa\u00f1ol para la implementaci\u00f3n de su negocio en Espa\u00f1a y para brindarle la asistencia corporativa necesaria durante todo el proceso. Somos un Proveedor de Servicios &#8230; <a title=\"Qui\u00e9nes somos\" class=\"read-more\" href=\"https:\/\/spanishcompaniesincorporation.com\/es\/quienes-somos\/\" aria-label=\"Leer m\u00e1s sobre Qui\u00e9nes somos\">Leer m\u00e1s<\/a><\/p>\n","protected":false},"author":1,"featured_media":0,"parent":0,"menu_order":0,"comment_status":"closed","ping_status":"closed","template":"elementor_header_footer","meta":{"footnotes":""},"class_list":["post-657","page","type-page","status-publish"],"yoast_head":"<!-- This site is optimized with the Yoast SEO plugin v27.4 - https:\/\/yoast.com\/product\/yoast-seo-wordpress\/ -->\n<title>Qui\u00e9nes somos - Spanish Companies Incorporation<\/title>\n<meta name=\"description\" content=\"SCI es tu Local Partner para la implantaci\u00f3n de tu negocio en Espa\u00f1a. Somos un Proveedor de Servicios Corporativos para clientes extranjeros.\" \/>\n<meta name=\"robots\" content=\"index, follow, max-snippet:-1, max-image-preview:large, max-video-preview:-1\" \/>\n<link rel=\"canonical\" href=\"https:\/\/spanishcompaniesincorporation.com\/es\/quienes-somos\/\" \/>\n<meta property=\"og:locale\" content=\"es_ES\" \/>\n<meta property=\"og:type\" content=\"article\" \/>\n<meta property=\"og:title\" content=\"Qui\u00e9nes somos - Spanish Companies Incorporation\" \/>\n<meta property=\"og:description\" content=\"SCI es tu Local Partner para la implantaci\u00f3n de tu negocio en Espa\u00f1a. Somos un Proveedor de Servicios Corporativos para clientes extranjeros.\" \/>\n<meta property=\"og:url\" content=\"https:\/\/spanishcompaniesincorporation.com\/es\/quienes-somos\/\" \/>\n<meta property=\"og:site_name\" content=\"Spanish Companies Incorporation\" \/>\n<meta property=\"article:modified_time\" content=\"2025-10-23T14:18:28+00:00\" \/>\n<meta property=\"og:image\" content=\"https:\/\/spanishcompaniesincorporation.com\/wp-content\/uploads\/equipo-sci.jpg\" \/>\n\t<meta property=\"og:image:width\" content=\"800\" \/>\n\t<meta property=\"og:image:height\" content=\"1174\" \/>\n\t<meta property=\"og:image:type\" content=\"image\/jpeg\" \/>\n<meta name=\"twitter:card\" content=\"summary_large_image\" \/>\n<meta name=\"twitter:label1\" content=\"Tiempo de lectura\" \/>\n\t<meta name=\"twitter:data1\" content=\"1 minuto\" \/>\n<script type=\"application\/ld+json\" class=\"yoast-schema-graph\">{\"@context\":\"https:\\\/\\\/schema.org\",\"@graph\":[{\"@type\":\"WebPage\",\"@id\":\"https:\\\/\\\/spanishcompaniesincorporation.com\\\/es\\\/quienes-somos\\\/\",\"url\":\"https:\\\/\\\/spanishcompaniesincorporation.com\\\/es\\\/quienes-somos\\\/\",\"name\":\"Qui\u00e9nes somos - Spanish Companies Incorporation\",\"isPartOf\":{\"@id\":\"https:\\\/\\\/spanishcompaniesincorporation.com\\\/es\\\/#website\"},\"primaryImageOfPage\":{\"@id\":\"https:\\\/\\\/spanishcompaniesincorporation.com\\\/es\\\/quienes-somos\\\/#primaryimage\"},\"image\":{\"@id\":\"https:\\\/\\\/spanishcompaniesincorporation.com\\\/es\\\/quienes-somos\\\/#primaryimage\"},\"thumbnailUrl\":\"https:\\\/\\\/spanishcompaniesincorporation.com\\\/wp-content\\\/uploads\\\/equipo-sci-698x1024.jpg\",\"datePublished\":\"2022-06-24T09:49:11+00:00\",\"dateModified\":\"2025-10-23T14:18:28+00:00\",\"description\":\"SCI es tu Local Partner para la implantaci\u00f3n de tu negocio en Espa\u00f1a. Somos un Proveedor de Servicios Corporativos para clientes extranjeros.\",\"breadcrumb\":{\"@id\":\"https:\\\/\\\/spanishcompaniesincorporation.com\\\/es\\\/quienes-somos\\\/#breadcrumb\"},\"inLanguage\":\"es\",\"potentialAction\":[{\"@type\":\"ReadAction\",\"target\":[\"https:\\\/\\\/spanishcompaniesincorporation.com\\\/es\\\/quienes-somos\\\/\"]}]},{\"@type\":\"ImageObject\",\"inLanguage\":\"es\",\"@id\":\"https:\\\/\\\/spanishcompaniesincorporation.com\\\/es\\\/quienes-somos\\\/#primaryimage\",\"url\":\"https:\\\/\\\/spanishcompaniesincorporation.com\\\/wp-content\\\/uploads\\\/equipo-sci-698x1024.jpg\",\"contentUrl\":\"https:\\\/\\\/spanishcompaniesincorporation.com\\\/wp-content\\\/uploads\\\/equipo-sci-698x1024.jpg\"},{\"@type\":\"BreadcrumbList\",\"@id\":\"https:\\\/\\\/spanishcompaniesincorporation.com\\\/es\\\/quienes-somos\\\/#breadcrumb\",\"itemListElement\":[{\"@type\":\"ListItem\",\"position\":1,\"name\":\"Portada\",\"item\":\"https:\\\/\\\/spanishcompaniesincorporation.com\\\/es\\\/\"},{\"@type\":\"ListItem\",\"position\":2,\"name\":\"Qui\u00e9nes somos\"}]},{\"@type\":\"WebSite\",\"@id\":\"https:\\\/\\\/spanishcompaniesincorporation.com\\\/es\\\/#website\",\"url\":\"https:\\\/\\\/spanishcompaniesincorporation.com\\\/es\\\/\",\"name\":\"Spanish Companies Incorporation\",\"description\":\"SCI will be with you through the whole process until your company is fully registered and with an operative bank account.\",\"publisher\":{\"@id\":\"https:\\\/\\\/spanishcompaniesincorporation.com\\\/es\\\/#organization\"},\"potentialAction\":[{\"@type\":\"SearchAction\",\"target\":{\"@type\":\"EntryPoint\",\"urlTemplate\":\"https:\\\/\\\/spanishcompaniesincorporation.com\\\/es\\\/?s={search_term_string}\"},\"query-input\":{\"@type\":\"PropertyValueSpecification\",\"valueRequired\":true,\"valueName\":\"search_term_string\"}}],\"inLanguage\":\"es\"},{\"@type\":\"Organization\",\"@id\":\"https:\\\/\\\/spanishcompaniesincorporation.com\\\/es\\\/#organization\",\"name\":\"SCI Spanish Companies Incorporation\",\"url\":\"https:\\\/\\\/spanishcompaniesincorporation.com\\\/es\\\/\",\"logo\":{\"@type\":\"ImageObject\",\"inLanguage\":\"es\",\"@id\":\"https:\\\/\\\/spanishcompaniesincorporation.com\\\/es\\\/#\\\/schema\\\/logo\\\/image\\\/\",\"url\":\"https:\\\/\\\/spanishcompaniesincorporation.com\\\/wp-content\\\/uploads\\\/Logo-SCI-2.jpg\",\"contentUrl\":\"https:\\\/\\\/spanishcompaniesincorporation.com\\\/wp-content\\\/uploads\\\/Logo-SCI-2.jpg\",\"width\":1573,\"height\":602,\"caption\":\"SCI Spanish Companies Incorporation\"},\"image\":{\"@id\":\"https:\\\/\\\/spanishcompaniesincorporation.com\\\/es\\\/#\\\/schema\\\/logo\\\/image\\\/\"}}]}<\/script>\n<!-- \/ Yoast SEO plugin. -->","yoast_head_json":{"title":"Qui\u00e9nes somos - Spanish Companies Incorporation","description":"SCI es tu Local Partner para la implantaci\u00f3n de tu negocio en Espa\u00f1a. Somos un Proveedor de Servicios Corporativos para clientes extranjeros.","robots":{"index":"index","follow":"follow","max-snippet":"max-snippet:-1","max-image-preview":"max-image-preview:large","max-video-preview":"max-video-preview:-1"},"canonical":"https:\/\/spanishcompaniesincorporation.com\/es\/quienes-somos\/","og_locale":"es_ES","og_type":"article","og_title":"Qui\u00e9nes somos - Spanish Companies Incorporation","og_description":"SCI es tu Local Partner para la implantaci\u00f3n de tu negocio en Espa\u00f1a. Somos un Proveedor de Servicios Corporativos para clientes extranjeros.","og_url":"https:\/\/spanishcompaniesincorporation.com\/es\/quienes-somos\/","og_site_name":"Spanish Companies Incorporation","article_modified_time":"2025-10-23T14:18:28+00:00","og_image":[{"width":800,"height":1174,"url":"https:\/\/spanishcompaniesincorporation.com\/wp-content\/uploads\/equipo-sci.jpg","type":"image\/jpeg"}],"twitter_card":"summary_large_image","twitter_misc":{"Tiempo de lectura":"1 minuto"},"schema":{"@context":"https:\/\/schema.org","@graph":[{"@type":"WebPage","@id":"https:\/\/spanishcompaniesincorporation.com\/es\/quienes-somos\/","url":"https:\/\/spanishcompaniesincorporation.com\/es\/quienes-somos\/","name":"Qui\u00e9nes somos - Spanish Companies Incorporation","isPartOf":{"@id":"https:\/\/spanishcompaniesincorporation.com\/es\/#website"},"primaryImageOfPage":{"@id":"https:\/\/spanishcompaniesincorporation.com\/es\/quienes-somos\/#primaryimage"},"image":{"@id":"https:\/\/spanishcompaniesincorporation.com\/es\/quienes-somos\/#primaryimage"},"thumbnailUrl":"https:\/\/spanishcompaniesincorporation.com\/wp-content\/uploads\/equipo-sci-698x1024.jpg","datePublished":"2022-06-24T09:49:11+00:00","dateModified":"2025-10-23T14:18:28+00:00","description":"SCI es tu Local Partner para la implantaci\u00f3n de tu negocio en Espa\u00f1a. Somos un Proveedor de Servicios Corporativos para clientes extranjeros.","breadcrumb":{"@id":"https:\/\/spanishcompaniesincorporation.com\/es\/quienes-somos\/#breadcrumb"},"inLanguage":"es","potentialAction":[{"@type":"ReadAction","target":["https:\/\/spanishcompaniesincorporation.com\/es\/quienes-somos\/"]}]},{"@type":"ImageObject","inLanguage":"es","@id":"https:\/\/spanishcompaniesincorporation.com\/es\/quienes-somos\/#primaryimage","url":"https:\/\/spanishcompaniesincorporation.com\/wp-content\/uploads\/equipo-sci-698x1024.jpg","contentUrl":"https:\/\/spanishcompaniesincorporation.com\/wp-content\/uploads\/equipo-sci-698x1024.jpg"},{"@type":"BreadcrumbList","@id":"https:\/\/spanishcompaniesincorporation.com\/es\/quienes-somos\/#breadcrumb","itemListElement":[{"@type":"ListItem","position":1,"name":"Portada","item":"https:\/\/spanishcompaniesincorporation.com\/es\/"},{"@type":"ListItem","position":2,"name":"Qui\u00e9nes somos"}]},{"@type":"WebSite","@id":"https:\/\/spanishcompaniesincorporation.com\/es\/#website","url":"https:\/\/spanishcompaniesincorporation.com\/es\/","name":"Spanish Companies Incorporation","description":"SCI will be with you through the whole process until your company is fully registered and with an operative bank account.","publisher":{"@id":"https:\/\/spanishcompaniesincorporation.com\/es\/#organization"},"potentialAction":[{"@type":"SearchAction","target":{"@type":"EntryPoint","urlTemplate":"https:\/\/spanishcompaniesincorporation.com\/es\/?s={search_term_string}"},"query-input":{"@type":"PropertyValueSpecification","valueRequired":true,"valueName":"search_term_string"}}],"inLanguage":"es"},{"@type":"Organization","@id":"https:\/\/spanishcompaniesincorporation.com\/es\/#organization","name":"SCI Spanish Companies Incorporation","url":"https:\/\/spanishcompaniesincorporation.com\/es\/","logo":{"@type":"ImageObject","inLanguage":"es","@id":"https:\/\/spanishcompaniesincorporation.com\/es\/#\/schema\/logo\/image\/","url":"https:\/\/spanishcompaniesincorporation.com\/wp-content\/uploads\/Logo-SCI-2.jpg","contentUrl":"https:\/\/spanishcompaniesincorporation.com\/wp-content\/uploads\/Logo-SCI-2.jpg","width":1573,"height":602,"caption":"SCI Spanish Companies Incorporation"},"image":{"@id":"https:\/\/spanishcompaniesincorporation.com\/es\/#\/schema\/logo\/image\/"}}]}},"_links":{"self":[{"href":"https:\/\/spanishcompaniesincorporation.com\/es\/wp-json\/wp\/v2\/pages\/657","targetHints":{"allow":["GET"]}}],"collection":[{"href":"https:\/\/spanishcompaniesincorporation.com\/es\/wp-json\/wp\/v2\/pages"}],"about":[{"href":"https:\/\/spanishcompaniesincorporation.com\/es\/wp-json\/wp\/v2\/types\/page"}],"author":[{"embeddable":true,"href":"https:\/\/spanishcompaniesincorporation.com\/es\/wp-json\/wp\/v2\/users\/1"}],"replies":[{"embeddable":true,"href":"https:\/\/spanishcompaniesincorporation.com\/es\/wp-json\/wp\/v2\/comments?post=657"}],"version-history":[{"count":5,"href":"https:\/\/spanishcompaniesincorporation.com\/es\/wp-json\/wp\/v2\/pages\/657\/revisions"}],"predecessor-version":[{"id":3722,"href":"https:\/\/spanishcompaniesincorporation.com\/es\/wp-json\/wp\/v2\/pages\/657\/revisions\/3722"}],"wp:attachment":[{"href":"https:\/\/spanishcompaniesincorporation.com\/es\/wp-json\/wp\/v2\/media?parent=657"}],"curies":[{"name":"wp","href":"https:\/\/api.w.org\/{rel}","templated":true}]}}