{"id":655,"date":"2022-06-24T10:48:15","date_gmt":"2022-06-24T09:48:15","guid":{"rendered":"https:\/\/spanishcompaniesincorporation.com\/real-estate\/"},"modified":"2025-10-23T15:17:42","modified_gmt":"2025-10-23T14:17:42","slug":"real-estate","status":"publish","type":"page","link":"https:\/\/spanishcompaniesincorporation.com\/es\/real-estate\/","title":{"rendered":"Real Estate"},"content":{"rendered":"\t\t<div data-elementor-type=\"wp-page\" data-elementor-id=\"655\" class=\"elementor elementor-655 elementor-69\" data-elementor-post-type=\"page\">\n\t\t\t\t\t\t<section class=\"elementor-section elementor-top-section elementor-element elementor-element-d76d04a elementor-section-height-min-height elementor-section-items-top elementor-section-boxed elementor-section-height-default\" data-id=\"d76d04a\" data-element_type=\"section\" data-e-type=\"section\" data-settings=\"{&quot;background_background&quot;:&quot;classic&quot;}\">\n\t\t\t\t\t\t\t<div class=\"elementor-background-overlay\"><\/div>\n\t\t\t\t\t\t\t<div class=\"elementor-container elementor-column-gap-no\">\n\t\t\t\t\t<div class=\"elementor-column elementor-col-100 elementor-top-column elementor-element elementor-element-f7972c1\" data-id=\"f7972c1\" data-element_type=\"column\" data-e-type=\"column\">\n\t\t\t<div class=\"elementor-widget-wrap\">\n\t\t\t\t\t\t\t<\/div>\n\t\t<\/div>\n\t\t\t\t\t<\/div>\n\t\t<\/section>\n\t\t\t\t<section class=\"elementor-section elementor-top-section elementor-element elementor-element-61a6bb9 elementor-section-boxed elementor-section-height-default elementor-section-height-default\" data-id=\"61a6bb9\" data-element_type=\"section\" data-e-type=\"section\" data-settings=\"{&quot;background_background&quot;:&quot;classic&quot;}\">\n\t\t\t\t\t\t<div class=\"elementor-container elementor-column-gap-default\">\n\t\t\t\t\t<div class=\"elementor-column elementor-col-50 elementor-top-column elementor-element elementor-element-ce39ada\" data-id=\"ce39ada\" data-element_type=\"column\" data-e-type=\"column\">\n\t\t\t<div class=\"elementor-widget-wrap elementor-element-populated\">\n\t\t\t\t\t\t<div class=\"elementor-element elementor-element-2471565 elementor-widget elementor-widget-heading\" data-id=\"2471565\" data-element_type=\"widget\" data-e-type=\"widget\" data-widget_type=\"heading.default\">\n\t\t\t\t<div class=\"elementor-widget-container\">\n\t\t\t\t\t<h2 class=\"elementor-heading-title elementor-size-default\">SCI Real Estate &amp; Law<\/h2>\t\t\t\t<\/div>\n\t\t\t\t<\/div>\n\t\t\t\t\t<\/div>\n\t\t<\/div>\n\t\t\t\t<div class=\"elementor-column elementor-col-50 elementor-top-column elementor-element elementor-element-85ea01c\" data-id=\"85ea01c\" data-element_type=\"column\" data-e-type=\"column\" data-settings=\"{&quot;background_background&quot;:&quot;classic&quot;}\">\n\t\t\t<div class=\"elementor-widget-wrap elementor-element-populated\">\n\t\t\t\t\t\t<div class=\"elementor-element elementor-element-2647d30 elementor-widget elementor-widget-heading\" data-id=\"2647d30\" data-element_type=\"widget\" data-e-type=\"widget\" data-widget_type=\"heading.default\">\n\t\t\t\t<div class=\"elementor-widget-container\">\n\t\t\t\t\t<h3 class=\"elementor-heading-title elementor-size-default\">\u00bfSab\u00edas que...?<\/h3>\t\t\t\t<\/div>\n\t\t\t\t<\/div>\n\t\t\t\t<div class=\"elementor-element elementor-element-8a2edc5 elementor-widget elementor-widget-text-editor\" data-id=\"8a2edc5\" data-element_type=\"widget\" data-e-type=\"widget\" data-widget_type=\"text-editor.default\">\n\t\t\t\t<div class=\"elementor-widget-container\">\n\t\t\t\t\t\t\t\t\t<p>Para poder comprar una casa en Espa\u00f1a si eres extranjero es necesario que tengas un n\u00famero<br \/>de identificaci\u00f3n de extranjero (NIE)?<\/p>\t\t\t\t\t\t\t\t<\/div>\n\t\t\t\t<\/div>\n\t\t\t\t\t<\/div>\n\t\t<\/div>\n\t\t\t\t\t<\/div>\n\t\t<\/section>\n\t\t\t\t<section class=\"elementor-section elementor-top-section elementor-element elementor-element-a0c5ec5 elementor-section-boxed elementor-section-height-default elementor-section-height-default\" data-id=\"a0c5ec5\" data-element_type=\"section\" data-e-type=\"section\">\n\t\t\t\t\t\t<div class=\"elementor-container elementor-column-gap-default\">\n\t\t\t\t\t<div class=\"elementor-column elementor-col-100 elementor-top-column elementor-element elementor-element-2f89595\" data-id=\"2f89595\" data-element_type=\"column\" data-e-type=\"column\">\n\t\t\t<div class=\"elementor-widget-wrap elementor-element-populated\">\n\t\t\t\t\t\t<div class=\"elementor-element elementor-element-c2e33ef elementor-widget elementor-widget-video\" data-id=\"c2e33ef\" data-element_type=\"widget\" data-e-type=\"widget\" data-settings=\"{&quot;youtube_url&quot;:&quot;https:\\\/\\\/youtu.be\\\/QXI5LRofHG0&quot;,&quot;video_type&quot;:&quot;youtube&quot;,&quot;controls&quot;:&quot;yes&quot;}\" data-widget_type=\"video.default\">\n\t\t\t\t<div class=\"elementor-widget-container\">\n\t\t\t\t\t\t\t<div class=\"elementor-wrapper elementor-open-inline\">\n\t\t\t<div class=\"elementor-video\"><\/div>\t\t<\/div>\n\t\t\t\t\t\t<\/div>\n\t\t\t\t<\/div>\n\t\t\t\t\t<\/div>\n\t\t<\/div>\n\t\t\t\t\t<\/div>\n\t\t<\/section>\n\t\t\t\t<section class=\"elementor-section elementor-top-section elementor-element elementor-element-e38b46d elementor-section-boxed elementor-section-height-default elementor-section-height-default\" data-id=\"e38b46d\" data-element_type=\"section\" data-e-type=\"section\" data-settings=\"{&quot;background_background&quot;:&quot;classic&quot;}\">\n\t\t\t\t\t\t\t<div class=\"elementor-background-overlay\"><\/div>\n\t\t\t\t\t\t\t<div class=\"elementor-container elementor-column-gap-extended\">\n\t\t\t\t\t<div class=\"elementor-column elementor-col-100 elementor-top-column elementor-element elementor-element-72bf079\" data-id=\"72bf079\" data-element_type=\"column\" data-e-type=\"column\">\n\t\t\t<div class=\"elementor-widget-wrap elementor-element-populated\">\n\t\t\t\t\t\t<div class=\"elementor-element elementor-element-112b9b0 elementor-widget elementor-widget-heading\" data-id=\"112b9b0\" data-element_type=\"widget\" data-e-type=\"widget\" data-widget_type=\"heading.default\">\n\t\t\t\t<div class=\"elementor-widget-container\">\n\t\t\t\t\t<h4 class=\"elementor-heading-title elementor-size-default\">\u00bfQuieres comprar una casa en Espa\u00f1a?<\/h4>\t\t\t\t<\/div>\n\t\t\t\t<\/div>\n\t\t\t\t<div class=\"elementor-element elementor-element-43b9ca4 elementor-widget-divider--view-line elementor-widget elementor-widget-divider\" data-id=\"43b9ca4\" data-element_type=\"widget\" data-e-type=\"widget\" data-widget_type=\"divider.default\">\n\t\t\t\t<div class=\"elementor-widget-container\">\n\t\t\t\t\t\t\t<div class=\"elementor-divider\">\n\t\t\t<span class=\"elementor-divider-separator\">\n\t\t\t\t\t\t<\/span>\n\t\t<\/div>\n\t\t\t\t\t\t<\/div>\n\t\t\t\t<\/div>\n\t\t\t\t<div class=\"elementor-element elementor-element-732b51f elementor-widget elementor-widget-text-editor\" data-id=\"732b51f\" data-element_type=\"widget\" data-e-type=\"widget\" data-widget_type=\"text-editor.default\">\n\t\t\t\t<div class=\"elementor-widget-container\">\n\t\t\t\t\t\t\t\t\t<p><strong>Abogados especialistas en el sector inmobiliario<\/strong><\/p><p>SCI Real Estate &amp; Law es un despacho de abogados que ha asesorado a clientes durante los \u00faltimos 10 a\u00f1os en la adquisici\u00f3n, venta y alquiler de sus inmuebles en Espa\u00f1a.\u00a0\u00a0<\/p><p>Estaremos con usted durante todo el proceso de negociaci\u00f3n y mediaci\u00f3n en relaci\u00f3n a las cuestiones inherentes a la adquisici\u00f3n, venta y alquiler de su propiedad en Espa\u00f1a.\u00a0<\/p><p>Tenemos 10 a\u00f1os de experiencia ayudando a nuestros clientes a invertir en bienes inmuebles en Espa\u00f1a y tambi\u00e9n trabajando con Registros de la Propiedad, Hacienda y notarios. Somos el puente entre nuestros clientes, las agencias inmobiliarias y todas las diferentes partes que participan en una transacci\u00f3n de Real Estate.\u00a0<\/p><p>Desde SCI Real Estate &amp; Law podemos ayudarle en el proceso previo a la compra de la propiedad, durante el proceso de compra de la propiedad y con los problemas que puedan surgir tras la compra de la propiedad.\u00a0<\/p>\t\t\t\t\t\t\t\t<\/div>\n\t\t\t\t<\/div>\n\t\t\t\t<div class=\"elementor-element elementor-element-0485e0f elementor-widget elementor-widget-menu-anchor\" data-id=\"0485e0f\" data-element_type=\"widget\" data-e-type=\"widget\" data-widget_type=\"menu-anchor.default\">\n\t\t\t\t<div class=\"elementor-widget-container\">\n\t\t\t\t\t\t\t<div class=\"elementor-menu-anchor\" id=\"compra\"><\/div>\n\t\t\t\t\t\t<\/div>\n\t\t\t\t<\/div>\n\t\t\t\t<div class=\"elementor-element elementor-element-6a2be71 elementor-widget elementor-widget-heading\" data-id=\"6a2be71\" data-element_type=\"widget\" data-e-type=\"widget\" data-widget_type=\"heading.default\">\n\t\t\t\t<div class=\"elementor-widget-container\">\n\t\t\t\t\t<h3 class=\"elementor-heading-title elementor-size-default\">Compra de viviendas<\/h3>\t\t\t\t<\/div>\n\t\t\t\t<\/div>\n\t\t\t\t<div class=\"elementor-element elementor-element-15c34c6 elementor-widget elementor-widget-text-editor\" data-id=\"15c34c6\" data-element_type=\"widget\" data-e-type=\"widget\" data-widget_type=\"text-editor.default\">\n\t\t\t\t<div class=\"elementor-widget-container\">\n\t\t\t\t\t\t\t\t\t<p>En SCI Real Estate &amp; Law tenemos el mejor conocimiento y comprensi\u00f3n del mercado inmobiliario en Espa\u00f1a y podremos brindarle la mejor asistencia para la compra de su propiedad, cumpliendo con todos los requisitos legales.\u00a0<\/p><p>Comprar una propiedad en Espa\u00f1a es una decisi\u00f3n importante. Normalmente implica una gran cantidad de dinero a invertir. Tener un asesor legal con usted evitar\u00e1 problemas relacionados con la compra de su propiedad.\u00a0<\/p><p>Hemos asesorado a muchos clientes extranjeros y nacionales para la compra de sus propiedades en Espa\u00f1a y por ello nos hemos enfrentado y resuelto los mismos problemas que podr\u00e1n aparecer en su transacci\u00f3n, tanto en operaciones relacionadas con propiedades de segunda mano como con propiedades en construcci\u00f3n.\u00a0\u00a0<\/p><p>A modo de resumen, nuestros servicios para la compra de su propiedad en Espa\u00f1a incluir\u00e1n:<\/p><ul><li>Revisi\u00f3n y preparaci\u00f3n de toda la documentaci\u00f3n relacionada con la transacci\u00f3n, incluidos, entre otros, contratos privados de compraventa, poderes, cartas de intenci\u00f3n, contratos de dep\u00f3sito, etc.<\/li><li>Negociaci\u00f3n del precio de compraventa<\/li><li>Revisi\u00f3n de todos los aspectos legales e implicaciones de la transacci\u00f3n<\/li><li>Revisi\u00f3n de todos los aspectos legales relacionados con la hipoteca<\/li><li>Asistencia en relaci\u00f3n con el proceso KYC (Know Your Client) con el banco financiador<\/li><li>Revisi\u00f3n de las implicaciones fiscales de la transacci\u00f3n<\/li><li>Preparaci\u00f3n de la transacci\u00f3n con el notario y la agencia inmobiliaria<\/li><li>Inscripci\u00f3n de la nueva titularidad en el registro de la propiedad<\/li><\/ul>\t\t\t\t\t\t\t\t<\/div>\n\t\t\t\t<\/div>\n\t\t\t\t<div class=\"elementor-element elementor-element-bcba867 elementor-widget elementor-widget-menu-anchor\" data-id=\"bcba867\" data-element_type=\"widget\" data-e-type=\"widget\" data-widget_type=\"menu-anchor.default\">\n\t\t\t\t<div class=\"elementor-widget-container\">\n\t\t\t\t\t\t\t<div class=\"elementor-menu-anchor\" id=\"venta\"><\/div>\n\t\t\t\t\t\t<\/div>\n\t\t\t\t<\/div>\n\t\t\t\t<div class=\"elementor-element elementor-element-0810b90 elementor-widget elementor-widget-heading\" data-id=\"0810b90\" data-element_type=\"widget\" data-e-type=\"widget\" data-widget_type=\"heading.default\">\n\t\t\t\t<div class=\"elementor-widget-container\">\n\t\t\t\t\t<h3 class=\"elementor-heading-title elementor-size-default\">Venta de viviendas<\/h3>\t\t\t\t<\/div>\n\t\t\t\t<\/div>\n\t\t\t\t<div class=\"elementor-element elementor-element-57e6b0c elementor-widget elementor-widget-text-editor\" data-id=\"57e6b0c\" data-element_type=\"widget\" data-e-type=\"widget\" data-widget_type=\"text-editor.default\">\n\t\t\t\t<div class=\"elementor-widget-container\">\n\t\t\t\t\t\t\t\t\t<p>Desde SCI Real Estate &amp; Law podemos ayudarle en el proceso de venta de su propiedad en Espa\u00f1a.\u00a0<\/p><p>A modo de resumen, nuestros servicios para la venta de su propiedad en Espa\u00f1a incluir\u00e1n:<\/p><ul><li>Revisi\u00f3n y preparaci\u00f3n de toda la documentaci\u00f3n relacionada con la transacci\u00f3n, incluidos, entre otros, contratos privados de compraventa, poderes, cartas de intenci\u00f3n, contratos de dep\u00f3sito, etc.<\/li><li>Negociar el Precio de Venta con el comprador<\/li><li>Revisar todos los aspectos e implicaciones legales de la operaci\u00f3n<\/li><li>Revisar las implicaciones fiscales de la operaci\u00f3n, incluido el IRNR.\u00a0<\/li><li>Preparaci\u00f3n de la transacci\u00f3n con el notario y la agencia inmobiliaria.\u00a0<\/li><\/ul>\t\t\t\t\t\t\t\t<\/div>\n\t\t\t\t<\/div>\n\t\t\t\t<div class=\"elementor-element elementor-element-b762c93 elementor-widget elementor-widget-menu-anchor\" data-id=\"b762c93\" data-element_type=\"widget\" data-e-type=\"widget\" data-widget_type=\"menu-anchor.default\">\n\t\t\t\t<div class=\"elementor-widget-container\">\n\t\t\t\t\t\t\t<div class=\"elementor-menu-anchor\" id=\"alquiler\"><\/div>\n\t\t\t\t\t\t<\/div>\n\t\t\t\t<\/div>\n\t\t\t\t<div class=\"elementor-element elementor-element-78bd06c elementor-widget elementor-widget-heading\" data-id=\"78bd06c\" data-element_type=\"widget\" data-e-type=\"widget\" data-widget_type=\"heading.default\">\n\t\t\t\t<div class=\"elementor-widget-container\">\n\t\t\t\t\t<h3 class=\"elementor-heading-title elementor-size-default\">Alquiler de viviendas<\/h3>\t\t\t\t<\/div>\n\t\t\t\t<\/div>\n\t\t\t\t<div class=\"elementor-element elementor-element-a6b2d4b elementor-widget elementor-widget-text-editor\" data-id=\"a6b2d4b\" data-element_type=\"widget\" data-e-type=\"widget\" data-widget_type=\"text-editor.default\">\n\t\t\t\t<div class=\"elementor-widget-container\">\n\t\t\t\t\t\t\t\t\t<p>SCI Real Estate &amp; Law tiene el mejor conocimiento y comprensi\u00f3n del mercado de alquiler para brindar la mejor asistencia para el alquiler de su propiedad en Espa\u00f1a en cumplimiento de todos los requisitos legales.\u00a0<\/p><p>Le asistiremos en la preparaci\u00f3n del contrato de alquiler a largo plazo de su propiedad;<\/p><ul><li>La gesti\u00f3n del alquiler;<\/li><li>Gesti\u00f3n de los impagos;<\/li><li>Novaci\u00f3n del Contrato de Arrendamiento;<\/li><li>Dep\u00f3sito de la garant\u00eda del Contrato de Arrendamiento en la oficina p\u00fablica correspondiente;<\/li><li>Negociaci\u00f3n con inquilinos;<\/li><li>Cuestiones fiscales derivadas del Contrato de Arrendamiento, incluido el IRNR<\/li><\/ul><p>En SCI Real Estate &amp; Law tambi\u00e9n prestamos ayuda a nuestros clientes en los siguientes tr\u00e1mites relacionados con el sector inmobiliario:\u00a0<\/p><ul><li>Herencias con Inmuebles<\/li><li>Donaci\u00f3n de Inmuebles<\/li><li>Administraci\u00f3n de Comunidades de Propietarios: Pagos, Juntas de Propietarios e Impugnaci\u00f3n de Acuerdos.\u00a0<\/li><\/ul>\t\t\t\t\t\t\t\t<\/div>\n\t\t\t\t<\/div>\n\t\t\t\t\t<\/div>\n\t\t<\/div>\n\t\t\t\t\t<\/div>\n\t\t<\/section>\n\t\t\t\t<section class=\"elementor-section elementor-top-section elementor-element elementor-element-be43505 elementor-section-boxed elementor-section-height-default elementor-section-height-default\" data-id=\"be43505\" data-element_type=\"section\" data-e-type=\"section\" data-settings=\"{&quot;background_background&quot;:&quot;classic&quot;}\">\n\t\t\t\t\t\t\t<div class=\"elementor-background-overlay\"><\/div>\n\t\t\t\t\t\t\t<div class=\"elementor-container elementor-column-gap-extended\">\n\t\t\t\t\t<div class=\"elementor-column elementor-col-100 elementor-top-column elementor-element elementor-element-0cffa22\" data-id=\"0cffa22\" data-element_type=\"column\" data-e-type=\"column\">\n\t\t\t<div class=\"elementor-widget-wrap elementor-element-populated\">\n\t\t\t\t\t\t<div class=\"elementor-element elementor-element-6283c5a elementor-widget elementor-widget-heading\" data-id=\"6283c5a\" data-element_type=\"widget\" data-e-type=\"widget\" data-widget_type=\"heading.default\">\n\t\t\t\t<div class=\"elementor-widget-container\">\n\t\t\t\t\t<h4 class=\"elementor-heading-title elementor-size-default\">\u00bfTienes alguna <b>pregunta<\/b>?<\/h4>\t\t\t\t<\/div>\n\t\t\t\t<\/div>\n\t\t\t\t<div class=\"elementor-element elementor-element-2c45da8 elementor-widget-divider--view-line elementor-widget elementor-widget-divider\" data-id=\"2c45da8\" data-element_type=\"widget\" data-e-type=\"widget\" data-widget_type=\"divider.default\">\n\t\t\t\t<div class=\"elementor-widget-container\">\n\t\t\t\t\t\t\t<div class=\"elementor-divider\">\n\t\t\t<span class=\"elementor-divider-separator\">\n\t\t\t\t\t\t<\/span>\n\t\t<\/div>\n\t\t\t\t\t\t<\/div>\n\t\t\t\t<\/div>\n\t\t\t\t<div class=\"elementor-element elementor-element-160cb4b elementor-mobile-align-left elementor-align-left elementor-tablet-align-left elementor-widget elementor-widget-button\" data-id=\"160cb4b\" data-element_type=\"widget\" data-e-type=\"widget\" data-widget_type=\"button.default\">\n\t\t\t\t<div class=\"elementor-widget-container\">\n\t\t\t\t\t\t\t\t\t<div class=\"elementor-button-wrapper\">\n\t\t\t\t\t<a class=\"elementor-button elementor-button-link elementor-size-sm\" href=\"\/contact\/\">\n\t\t\t\t\t\t<span class=\"elementor-button-content-wrapper\">\n\t\t\t\t\t\t\t\t\t<span class=\"elementor-button-text\">Contactanos<\/span>\n\t\t\t\t\t<\/span>\n\t\t\t\t\t<\/a>\n\t\t\t\t<\/div>\n\t\t\t\t\t\t\t\t<\/div>\n\t\t\t\t<\/div>\n\t\t\t\t\t<\/div>\n\t\t<\/div>\n\t\t\t\t\t<\/div>\n\t\t<\/section>\n\t\t\t\t<\/div>\n\t\t","protected":false},"excerpt":{"rendered":"<p>SCI Real Estate &amp; Law \u00bfSab\u00edas que&#8230;? Para poder comprar una casa en Espa\u00f1a si eres extranjero es necesario que tengas un n\u00famerode identificaci\u00f3n de extranjero (NIE)? https:\/\/youtu.be\/QXI5LRofHG0 \u00bfQuieres comprar una casa en Espa\u00f1a? Abogados especialistas en el sector inmobiliario SCI Real Estate &amp; Law es un despacho de abogados que ha asesorado a clientes &#8230; <a title=\"Real Estate\" class=\"read-more\" href=\"https:\/\/spanishcompaniesincorporation.com\/es\/real-estate\/\" aria-label=\"Leer m\u00e1s sobre Real Estate\">Leer m\u00e1s<\/a><\/p>\n","protected":false},"author":1,"featured_media":0,"parent":0,"menu_order":0,"comment_status":"closed","ping_status":"closed","template":"elementor_header_footer","meta":{"footnotes":""},"class_list":["post-655","page","type-page","status-publish"],"yoast_head":"<!-- This site is optimized with the Yoast SEO plugin v27.3 - https:\/\/yoast.com\/product\/yoast-seo-wordpress\/ -->\n<title>Real Estate en Espa\u00f1a - Spanish Companies Incorporation<\/title>\n<meta name=\"description\" content=\"\u00bfQuieres comprar una casa en Espa\u00f1a?, \u00bfQuieres invertir en Real Estate en Espa\u00f1a? SCI estar\u00e1 contigo durante todo el proceso.\" \/>\n<meta name=\"robots\" content=\"index, follow, max-snippet:-1, max-image-preview:large, max-video-preview:-1\" \/>\n<link rel=\"canonical\" href=\"https:\/\/spanishcompaniesincorporation.com\/es\/real-estate\/\" \/>\n<meta property=\"og:locale\" content=\"es_ES\" \/>\n<meta property=\"og:type\" content=\"article\" \/>\n<meta property=\"og:title\" content=\"Real Estate en Espa\u00f1a - Spanish Companies Incorporation\" \/>\n<meta property=\"og:description\" content=\"\u00bfQuieres comprar una casa en Espa\u00f1a?, \u00bfQuieres invertir en Real Estate en Espa\u00f1a? SCI estar\u00e1 contigo durante todo el proceso.\" \/>\n<meta property=\"og:url\" content=\"https:\/\/spanishcompaniesincorporation.com\/es\/real-estate\/\" \/>\n<meta property=\"og:site_name\" content=\"Spanish Companies Incorporation\" \/>\n<meta property=\"article:modified_time\" content=\"2025-10-23T14:17:42+00:00\" \/>\n<meta name=\"twitter:card\" content=\"summary_large_image\" \/>\n<meta name=\"twitter:label1\" content=\"Tiempo de lectura\" \/>\n\t<meta name=\"twitter:data1\" content=\"3 minutos\" \/>\n<script type=\"application\/ld+json\" class=\"yoast-schema-graph\">{\"@context\":\"https:\\\/\\\/schema.org\",\"@graph\":[{\"@type\":\"WebPage\",\"@id\":\"https:\\\/\\\/spanishcompaniesincorporation.com\\\/es\\\/real-estate\\\/\",\"url\":\"https:\\\/\\\/spanishcompaniesincorporation.com\\\/es\\\/real-estate\\\/\",\"name\":\"Real Estate en Espa\u00f1a - Spanish Companies Incorporation\",\"isPartOf\":{\"@id\":\"https:\\\/\\\/spanishcompaniesincorporation.com\\\/es\\\/#website\"},\"datePublished\":\"2022-06-24T09:48:15+00:00\",\"dateModified\":\"2025-10-23T14:17:42+00:00\",\"description\":\"\u00bfQuieres comprar una casa en Espa\u00f1a?, \u00bfQuieres invertir en Real Estate en Espa\u00f1a? SCI estar\u00e1 contigo durante todo el proceso.\",\"breadcrumb\":{\"@id\":\"https:\\\/\\\/spanishcompaniesincorporation.com\\\/es\\\/real-estate\\\/#breadcrumb\"},\"inLanguage\":\"es\",\"potentialAction\":[{\"@type\":\"ReadAction\",\"target\":[\"https:\\\/\\\/spanishcompaniesincorporation.com\\\/es\\\/real-estate\\\/\"]}]},{\"@type\":\"BreadcrumbList\",\"@id\":\"https:\\\/\\\/spanishcompaniesincorporation.com\\\/es\\\/real-estate\\\/#breadcrumb\",\"itemListElement\":[{\"@type\":\"ListItem\",\"position\":1,\"name\":\"Portada\",\"item\":\"https:\\\/\\\/spanishcompaniesincorporation.com\\\/es\\\/\"},{\"@type\":\"ListItem\",\"position\":2,\"name\":\"Real Estate\"}]},{\"@type\":\"WebSite\",\"@id\":\"https:\\\/\\\/spanishcompaniesincorporation.com\\\/es\\\/#website\",\"url\":\"https:\\\/\\\/spanishcompaniesincorporation.com\\\/es\\\/\",\"name\":\"Spanish Companies Incorporation\",\"description\":\"SCI will be with you through the whole process until your company is fully registered and with an operative bank account.\",\"publisher\":{\"@id\":\"https:\\\/\\\/spanishcompaniesincorporation.com\\\/es\\\/#organization\"},\"potentialAction\":[{\"@type\":\"SearchAction\",\"target\":{\"@type\":\"EntryPoint\",\"urlTemplate\":\"https:\\\/\\\/spanishcompaniesincorporation.com\\\/es\\\/?s={search_term_string}\"},\"query-input\":{\"@type\":\"PropertyValueSpecification\",\"valueRequired\":true,\"valueName\":\"search_term_string\"}}],\"inLanguage\":\"es\"},{\"@type\":\"Organization\",\"@id\":\"https:\\\/\\\/spanishcompaniesincorporation.com\\\/es\\\/#organization\",\"name\":\"SCI Spanish Companies Incorporation\",\"url\":\"https:\\\/\\\/spanishcompaniesincorporation.com\\\/es\\\/\",\"logo\":{\"@type\":\"ImageObject\",\"inLanguage\":\"es\",\"@id\":\"https:\\\/\\\/spanishcompaniesincorporation.com\\\/es\\\/#\\\/schema\\\/logo\\\/image\\\/\",\"url\":\"https:\\\/\\\/spanishcompaniesincorporation.com\\\/wp-content\\\/uploads\\\/Logo-SCI-2.jpg\",\"contentUrl\":\"https:\\\/\\\/spanishcompaniesincorporation.com\\\/wp-content\\\/uploads\\\/Logo-SCI-2.jpg\",\"width\":1573,\"height\":602,\"caption\":\"SCI Spanish Companies Incorporation\"},\"image\":{\"@id\":\"https:\\\/\\\/spanishcompaniesincorporation.com\\\/es\\\/#\\\/schema\\\/logo\\\/image\\\/\"}}]}<\/script>\n<!-- \/ Yoast SEO plugin. -->","yoast_head_json":{"title":"Real Estate en Espa\u00f1a - Spanish Companies Incorporation","description":"\u00bfQuieres comprar una casa en Espa\u00f1a?, \u00bfQuieres invertir en Real Estate en Espa\u00f1a? SCI estar\u00e1 contigo durante todo el proceso.","robots":{"index":"index","follow":"follow","max-snippet":"max-snippet:-1","max-image-preview":"max-image-preview:large","max-video-preview":"max-video-preview:-1"},"canonical":"https:\/\/spanishcompaniesincorporation.com\/es\/real-estate\/","og_locale":"es_ES","og_type":"article","og_title":"Real Estate en Espa\u00f1a - Spanish Companies Incorporation","og_description":"\u00bfQuieres comprar una casa en Espa\u00f1a?, \u00bfQuieres invertir en Real Estate en Espa\u00f1a? SCI estar\u00e1 contigo durante todo el proceso.","og_url":"https:\/\/spanishcompaniesincorporation.com\/es\/real-estate\/","og_site_name":"Spanish Companies Incorporation","article_modified_time":"2025-10-23T14:17:42+00:00","twitter_card":"summary_large_image","twitter_misc":{"Tiempo de lectura":"3 minutos"},"schema":{"@context":"https:\/\/schema.org","@graph":[{"@type":"WebPage","@id":"https:\/\/spanishcompaniesincorporation.com\/es\/real-estate\/","url":"https:\/\/spanishcompaniesincorporation.com\/es\/real-estate\/","name":"Real Estate en Espa\u00f1a - Spanish Companies Incorporation","isPartOf":{"@id":"https:\/\/spanishcompaniesincorporation.com\/es\/#website"},"datePublished":"2022-06-24T09:48:15+00:00","dateModified":"2025-10-23T14:17:42+00:00","description":"\u00bfQuieres comprar una casa en Espa\u00f1a?, \u00bfQuieres invertir en Real Estate en Espa\u00f1a? SCI estar\u00e1 contigo durante todo el proceso.","breadcrumb":{"@id":"https:\/\/spanishcompaniesincorporation.com\/es\/real-estate\/#breadcrumb"},"inLanguage":"es","potentialAction":[{"@type":"ReadAction","target":["https:\/\/spanishcompaniesincorporation.com\/es\/real-estate\/"]}]},{"@type":"BreadcrumbList","@id":"https:\/\/spanishcompaniesincorporation.com\/es\/real-estate\/#breadcrumb","itemListElement":[{"@type":"ListItem","position":1,"name":"Portada","item":"https:\/\/spanishcompaniesincorporation.com\/es\/"},{"@type":"ListItem","position":2,"name":"Real Estate"}]},{"@type":"WebSite","@id":"https:\/\/spanishcompaniesincorporation.com\/es\/#website","url":"https:\/\/spanishcompaniesincorporation.com\/es\/","name":"Spanish Companies Incorporation","description":"SCI will be with you through the whole process until your company is fully registered and with an operative bank account.","publisher":{"@id":"https:\/\/spanishcompaniesincorporation.com\/es\/#organization"},"potentialAction":[{"@type":"SearchAction","target":{"@type":"EntryPoint","urlTemplate":"https:\/\/spanishcompaniesincorporation.com\/es\/?s={search_term_string}"},"query-input":{"@type":"PropertyValueSpecification","valueRequired":true,"valueName":"search_term_string"}}],"inLanguage":"es"},{"@type":"Organization","@id":"https:\/\/spanishcompaniesincorporation.com\/es\/#organization","name":"SCI Spanish Companies Incorporation","url":"https:\/\/spanishcompaniesincorporation.com\/es\/","logo":{"@type":"ImageObject","inLanguage":"es","@id":"https:\/\/spanishcompaniesincorporation.com\/es\/#\/schema\/logo\/image\/","url":"https:\/\/spanishcompaniesincorporation.com\/wp-content\/uploads\/Logo-SCI-2.jpg","contentUrl":"https:\/\/spanishcompaniesincorporation.com\/wp-content\/uploads\/Logo-SCI-2.jpg","width":1573,"height":602,"caption":"SCI Spanish Companies Incorporation"},"image":{"@id":"https:\/\/spanishcompaniesincorporation.com\/es\/#\/schema\/logo\/image\/"}}]}},"_links":{"self":[{"href":"https:\/\/spanishcompaniesincorporation.com\/es\/wp-json\/wp\/v2\/pages\/655","targetHints":{"allow":["GET"]}}],"collection":[{"href":"https:\/\/spanishcompaniesincorporation.com\/es\/wp-json\/wp\/v2\/pages"}],"about":[{"href":"https:\/\/spanishcompaniesincorporation.com\/es\/wp-json\/wp\/v2\/types\/page"}],"author":[{"embeddable":true,"href":"https:\/\/spanishcompaniesincorporation.com\/es\/wp-json\/wp\/v2\/users\/1"}],"replies":[{"embeddable":true,"href":"https:\/\/spanishcompaniesincorporation.com\/es\/wp-json\/wp\/v2\/comments?post=655"}],"version-history":[{"count":5,"href":"https:\/\/spanishcompaniesincorporation.com\/es\/wp-json\/wp\/v2\/pages\/655\/revisions"}],"predecessor-version":[{"id":3719,"href":"https:\/\/spanishcompaniesincorporation.com\/es\/wp-json\/wp\/v2\/pages\/655\/revisions\/3719"}],"wp:attachment":[{"href":"https:\/\/spanishcompaniesincorporation.com\/es\/wp-json\/wp\/v2\/media?parent=655"}],"curies":[{"name":"wp","href":"https:\/\/api.w.org\/{rel}","templated":true}]}}