{"id":647,"date":"2022-06-24T07:38:34","date_gmt":"2022-06-24T06:38:34","guid":{"rendered":"https:\/\/spanishcompaniesincorporation.com\/politica-de-privacidad\/"},"modified":"2022-07-12T11:48:45","modified_gmt":"2022-07-12T10:48:45","slug":"politica-privacidad","status":"publish","type":"page","link":"https:\/\/spanishcompaniesincorporation.com\/es\/politica-privacidad\/","title":{"rendered":"Pol\u00edtica de Privacidad"},"content":{"rendered":"\t\t<div data-elementor-type=\"wp-page\" data-elementor-id=\"647\" class=\"elementor elementor-647 elementor-3\" data-elementor-post-type=\"page\">\n\t\t\t\t\t\t<section class=\"elementor-section elementor-top-section elementor-element elementor-element-5b98f13 elementor-section-boxed elementor-section-height-default elementor-section-height-default\" data-id=\"5b98f13\" data-element_type=\"section\" data-e-type=\"section\">\n\t\t\t\t\t\t<div class=\"elementor-container elementor-column-gap-default\">\n\t\t\t\t\t<div class=\"elementor-column elementor-col-100 elementor-top-column elementor-element elementor-element-3944b39\" data-id=\"3944b39\" data-element_type=\"column\" data-e-type=\"column\">\n\t\t\t<div class=\"elementor-widget-wrap elementor-element-populated\">\n\t\t\t\t\t\t<div class=\"elementor-element elementor-element-6cb98fe elementor-widget elementor-widget-heading\" data-id=\"6cb98fe\" data-element_type=\"widget\" data-e-type=\"widget\" data-widget_type=\"heading.default\">\n\t\t\t\t<div class=\"elementor-widget-container\">\n\t\t\t\t\t<h4 class=\"elementor-heading-title elementor-size-default\">Pol\u00edtica de Privacidad<\/h4>\t\t\t\t<\/div>\n\t\t\t\t<\/div>\n\t\t\t\t<div class=\"elementor-element elementor-element-6be03f0 elementor-widget-divider--view-line elementor-widget elementor-widget-divider\" data-id=\"6be03f0\" data-element_type=\"widget\" data-e-type=\"widget\" data-widget_type=\"divider.default\">\n\t\t\t\t<div class=\"elementor-widget-container\">\n\t\t\t\t\t\t\t<div class=\"elementor-divider\">\n\t\t\t<span class=\"elementor-divider-separator\">\n\t\t\t\t\t\t<\/span>\n\t\t<\/div>\n\t\t\t\t\t\t<\/div>\n\t\t\t\t<\/div>\n\t\t\t\t\t<\/div>\n\t\t<\/div>\n\t\t\t\t\t<\/div>\n\t\t<\/section>\n\t\t\t\t<section class=\"elementor-section elementor-top-section elementor-element elementor-element-55251395 elementor-section-boxed elementor-section-height-default elementor-section-height-default\" data-id=\"55251395\" data-element_type=\"section\" data-e-type=\"section\">\n\t\t\t\t\t\t<div class=\"elementor-container elementor-column-gap-default\">\n\t\t\t\t\t<div class=\"elementor-column elementor-col-100 elementor-top-column elementor-element elementor-element-4facfe94\" data-id=\"4facfe94\" data-element_type=\"column\" data-e-type=\"column\">\n\t\t\t<div class=\"elementor-widget-wrap elementor-element-populated\">\n\t\t\t\t\t\t<div class=\"elementor-element elementor-element-1a434a4e elementor-widget elementor-widget-text-editor\" data-id=\"1a434a4e\" data-element_type=\"widget\" data-e-type=\"widget\" data-widget_type=\"text-editor.default\">\n\t\t\t\t<div class=\"elementor-widget-container\">\n\t\t\t\t\t\t\t\t\t<p>En cumplimiento del Reglamento (UE) 2016\/679 del Parlamento Europeo y del Consejo, de 27 de abril de 2016, relativo a la protecci\u00f3n de las personas f\u00edsicas en lo que respecta al tratamiento de datos personales, por el que se deroga la directiva 95\/46\/CE (en adelante, RGPD), de la Ley 34\/2002, de 11 de julio, de servicios de la sociedad de la informaci\u00f3n y de comercio electr\u00f3nico (en adelante, LSSI-CE) y de la Ley Org\u00e1nica 3\/2018, de Protecci\u00f3n de Datos Personales y garant\u00eda de los derechos digitales, <strong>SCI (Spanish Companies Incorporation)<\/strong>, garantiza la protecci\u00f3n y confidencialidad de los datos personales, de cualquier tipo que nos proporcionen nuestros clientes, de acuerdo con lo dispuesto en el Reglamento General de Protecci\u00f3n de Datos de Car\u00e1cter Personal.<\/p>\r\n<h2>Responsable del tratamiento:&nbsp;<\/h2>\r\n<ul>\r\n<li>Denominaci\u00f3n: Alejandro Cayuela Valencia \u2013&nbsp;<strong>SCI (Spanish Companies Incorporation)<\/strong><\/li>\r\n<li>NIF: 53845167M<\/li>\r\n<li>Direcci\u00f3n: C\/ Dulce Chac\u00f3n 17, 13\u00ba C 28006 Madrid<\/li>\r\n<li>Tel\u00e9fono: 910444573<\/li>\r\n<li>Correo electr\u00f3nico: info@spanishcompaniesincorporation.com<\/li>\r\n<\/ul>\r\n<h2>Finalidad del tratamiento de los datos personales:&nbsp;<\/h2>\r\n<p>En Gestor\u00eda Madrid Norte trataremos tus datos personales recabados a trav\u00e9s del Sitio Web con las siguientes finalidades:<\/p>\r\n<p>1. En caso de contrataci\u00f3n de los bienes y servicios ofertados a trav\u00e9s de sci.com, para mantener la relaci\u00f3n contractual, as\u00ed como la gesti\u00f3n, administraci\u00f3n, informaci\u00f3n, prestaci\u00f3n y mejora del servicio.<\/p>\r\n<p>2. Env\u00edo de informaci\u00f3n solicitada a trav\u00e9s de los formularios dispuestos en gestoriamadridnorte.com&nbsp;<\/p>\r\n<p>3. Remitir comunicaciones comerciales de promociones y\/o publicidad de&nbsp;<strong>SCI (Spanish Companies Incorporation)<\/strong>. Te recordamos que puedes oponerte al env\u00edo de comunicaciones comerciales por cualquier v\u00eda y en cualquier momento, remitiendo un correo electr\u00f3nico a la direcci\u00f3n indicada anteriormente. Los campos de dichos registros son de cumplimentaci\u00f3n obligatoria, siendo imposible realizar las finalidades expresadas si no se aportan esos datos.<\/p>\r\n<h2>\u00bfDurante cu\u00e1nto tiempo se conservan los datos personales?<\/h2>\r\n<p>Los datos personales proporcionados se conservar\u00e1n mientras se mantenga la relaci\u00f3n comercial o no solicites su supresi\u00f3n y durante el plazo por el cu\u00e1l pudieran derivarse responsabilidades legales por los servicios prestados.<\/p>\r\n<h2>Legitimaci\u00f3n:<\/h2>\r\n<p>El tratamiento de tus datos se realiza con las siguientes bases jur\u00eddicas que legitiman el mismo:<\/p>\r\n<p>1. La solicitud de informaci\u00f3n y\/o la contrataci\u00f3n de los servicios de&nbsp;<strong>SCI (Spanish Companies Incorporation)<\/strong>, cuyos t\u00e9rminos y condiciones se pondr\u00e1n a tu disposici\u00f3n en todo caso, de forma previa a una eventual contrataci\u00f3n.&nbsp;<\/p>\r\n<p>2. El consentimiento libre, espec\u00edfico, informado e inequ\u00edvoco, en tanto que te informamos poniendo a tu disposici\u00f3n la presente pol\u00edtica de privacidad, que tras la lectura de la misma, en caso de estar conforme, puedes aceptar mediante una declaraci\u00f3n o una clara acci\u00f3n afirmativa, como el marcado de una casilla dispuesta al efecto. En caso de que no nos facilites tus datos o lo hagas de forma err\u00f3nea o incompleta, no podremos atender tu solicitud, resultando del todo imposible proporcionarte la informaci\u00f3n solicitada o llevar a cabo la contrataci\u00f3n de los servicios.<\/p>\r\n<h2>Destinatarios:<\/h2>\r\n<p>Los datos no se comunicar\u00e1n a ning\u00fan tercero ajeno, salvo obligaci\u00f3n legal.&nbsp;<\/p><h2>Derechos de propiedad intelectual&nbsp;<\/h2><p><strong>SCI (Spanish Companies Incorporation)<\/strong>&nbsp;es titular de todos los derechos de autor, propiedad intelectual, industrial, \u00abknow how\u00bb y cuantos otros derechos guardan relaci\u00f3n con los contenidos del sitio web y los servicios ofertados en el mismo.<\/p>\r\n<h2>Comunicaciones comerciales<\/h2>\r\n<p>En aplicaci\u00f3n de la LSSI,&nbsp;<strong>SCI (Spanish Companies Incorporation)<\/strong>&nbsp;no enviar\u00e1 comunicaciones publicitarias o promocionales por correo electr\u00f3nico u otro medio de comunicaci\u00f3n electr\u00f3nica equivalente que previamente no hubieran sido solicitadas o expresamente autorizadas por los destinatarios de las mismas.&nbsp;<\/p>\t\t\t\t\t\t\t\t<\/div>\n\t\t\t\t<\/div>\n\t\t\t\t\t<\/div>\n\t\t<\/div>\n\t\t\t\t\t<\/div>\n\t\t<\/section>\n\t\t\t\t<\/div>\n\t\t","protected":false},"excerpt":{"rendered":"<p>Pol\u00edtica de Privacidad En cumplimiento del Reglamento (UE) 2016\/679 del Parlamento Europeo y del Consejo, de 27 de abril de 2016, relativo a la protecci\u00f3n de las personas f\u00edsicas en lo que respecta al tratamiento de datos personales, por el que se deroga la directiva 95\/46\/CE (en adelante, RGPD), de la Ley 34\/2002, de 11 &#8230; <a title=\"Pol\u00edtica de Privacidad\" class=\"read-more\" href=\"https:\/\/spanishcompaniesincorporation.com\/es\/politica-privacidad\/\" aria-label=\"Leer m\u00e1s sobre Pol\u00edtica de Privacidad\">Leer m\u00e1s<\/a><\/p>\n","protected":false},"author":1,"featured_media":0,"parent":0,"menu_order":0,"comment_status":"closed","ping_status":"open","template":"elementor_header_footer","meta":{"footnotes":""},"class_list":["post-647","page","type-page","status-publish"],"yoast_head":"<!-- This site is optimized with the Yoast SEO plugin v27.2 - https:\/\/yoast.com\/product\/yoast-seo-wordpress\/ -->\n<title>Pol\u00edtica de Privacidad - Spanish Companies Incorporation<\/title>\n<meta name=\"robots\" content=\"noindex, nofollow\" \/>\n<meta property=\"og:locale\" content=\"es_ES\" \/>\n<meta property=\"og:type\" content=\"article\" \/>\n<meta property=\"og:title\" content=\"Pol\u00edtica de Privacidad - Spanish Companies Incorporation\" \/>\n<meta property=\"og:description\" content=\"Pol\u00edtica de Privacidad En cumplimiento del Reglamento (UE) 2016\/679 del Parlamento Europeo y del Consejo, de 27 de abril de 2016, relativo a la protecci\u00f3n de las personas f\u00edsicas en lo que respecta al tratamiento de datos personales, por el que se deroga la directiva 95\/46\/CE (en adelante, RGPD), de la Ley 34\/2002, de 11 ... Leer m\u00e1s\" \/>\n<meta property=\"og:url\" content=\"https:\/\/spanishcompaniesincorporation.com\/es\/politica-privacidad\/\" \/>\n<meta property=\"og:site_name\" content=\"Spanish Companies Incorporation\" \/>\n<meta property=\"article:modified_time\" content=\"2022-07-12T10:48:45+00:00\" \/>\n<meta name=\"twitter:card\" content=\"summary_large_image\" \/>\n<meta name=\"twitter:label1\" content=\"Tiempo de lectura\" \/>\n\t<meta name=\"twitter:data1\" content=\"3 minutos\" \/>\n<script type=\"application\/ld+json\" class=\"yoast-schema-graph\">{\"@context\":\"https:\/\/schema.org\",\"@graph\":[{\"@type\":\"WebPage\",\"@id\":\"https:\/\/spanishcompaniesincorporation.com\/es\/politica-privacidad\/\",\"url\":\"https:\/\/spanishcompaniesincorporation.com\/es\/politica-privacidad\/\",\"name\":\"Pol\u00edtica de Privacidad - Spanish Companies Incorporation\",\"isPartOf\":{\"@id\":\"https:\/\/spanishcompaniesincorporation.com\/es\/#website\"},\"datePublished\":\"2022-06-24T06:38:34+00:00\",\"dateModified\":\"2022-07-12T10:48:45+00:00\",\"breadcrumb\":{\"@id\":\"https:\/\/spanishcompaniesincorporation.com\/es\/politica-privacidad\/#breadcrumb\"},\"inLanguage\":\"es\",\"potentialAction\":[{\"@type\":\"ReadAction\",\"target\":[\"https:\/\/spanishcompaniesincorporation.com\/es\/politica-privacidad\/\"]}]},{\"@type\":\"BreadcrumbList\",\"@id\":\"https:\/\/spanishcompaniesincorporation.com\/es\/politica-privacidad\/#breadcrumb\",\"itemListElement\":[{\"@type\":\"ListItem\",\"position\":1,\"name\":\"Portada\",\"item\":\"https:\/\/spanishcompaniesincorporation.com\/es\/\"},{\"@type\":\"ListItem\",\"position\":2,\"name\":\"Pol\u00edtica de Privacidad\"}]},{\"@type\":\"WebSite\",\"@id\":\"https:\/\/spanishcompaniesincorporation.com\/es\/#website\",\"url\":\"https:\/\/spanishcompaniesincorporation.com\/es\/\",\"name\":\"Spanish Companies Incorporation\",\"description\":\"SCI will be with you through the whole process until your company is fully registered and with an operative bank account.\",\"publisher\":{\"@id\":\"https:\/\/spanishcompaniesincorporation.com\/es\/#organization\"},\"potentialAction\":[{\"@type\":\"SearchAction\",\"target\":{\"@type\":\"EntryPoint\",\"urlTemplate\":\"https:\/\/spanishcompaniesincorporation.com\/es\/?s={search_term_string}\"},\"query-input\":{\"@type\":\"PropertyValueSpecification\",\"valueRequired\":true,\"valueName\":\"search_term_string\"}}],\"inLanguage\":\"es\"},{\"@type\":\"Organization\",\"@id\":\"https:\/\/spanishcompaniesincorporation.com\/es\/#organization\",\"name\":\"SCI Spanish Companies Incorporation\",\"url\":\"https:\/\/spanishcompaniesincorporation.com\/es\/\",\"logo\":{\"@type\":\"ImageObject\",\"inLanguage\":\"es\",\"@id\":\"https:\/\/spanishcompaniesincorporation.com\/es\/#\/schema\/logo\/image\/\",\"url\":\"https:\/\/spanishcompaniesincorporation.com\/wp-content\/uploads\/Logo-SCI-2.jpg\",\"contentUrl\":\"https:\/\/spanishcompaniesincorporation.com\/wp-content\/uploads\/Logo-SCI-2.jpg\",\"width\":1573,\"height\":602,\"caption\":\"SCI Spanish Companies Incorporation\"},\"image\":{\"@id\":\"https:\/\/spanishcompaniesincorporation.com\/es\/#\/schema\/logo\/image\/\"}}]}<\/script>\n<!-- \/ Yoast SEO plugin. -->","yoast_head_json":{"title":"Pol\u00edtica de Privacidad - Spanish Companies Incorporation","robots":{"index":"noindex","follow":"nofollow"},"og_locale":"es_ES","og_type":"article","og_title":"Pol\u00edtica de Privacidad - Spanish Companies Incorporation","og_description":"Pol\u00edtica de Privacidad En cumplimiento del Reglamento (UE) 2016\/679 del Parlamento Europeo y del Consejo, de 27 de abril de 2016, relativo a la protecci\u00f3n de las personas f\u00edsicas en lo que respecta al tratamiento de datos personales, por el que se deroga la directiva 95\/46\/CE (en adelante, RGPD), de la Ley 34\/2002, de 11 ... Leer m\u00e1s","og_url":"https:\/\/spanishcompaniesincorporation.com\/es\/politica-privacidad\/","og_site_name":"Spanish Companies Incorporation","article_modified_time":"2022-07-12T10:48:45+00:00","twitter_card":"summary_large_image","twitter_misc":{"Tiempo de lectura":"3 minutos"},"schema":{"@context":"https:\/\/schema.org","@graph":[{"@type":"WebPage","@id":"https:\/\/spanishcompaniesincorporation.com\/es\/politica-privacidad\/","url":"https:\/\/spanishcompaniesincorporation.com\/es\/politica-privacidad\/","name":"Pol\u00edtica de Privacidad - Spanish Companies Incorporation","isPartOf":{"@id":"https:\/\/spanishcompaniesincorporation.com\/es\/#website"},"datePublished":"2022-06-24T06:38:34+00:00","dateModified":"2022-07-12T10:48:45+00:00","breadcrumb":{"@id":"https:\/\/spanishcompaniesincorporation.com\/es\/politica-privacidad\/#breadcrumb"},"inLanguage":"es","potentialAction":[{"@type":"ReadAction","target":["https:\/\/spanishcompaniesincorporation.com\/es\/politica-privacidad\/"]}]},{"@type":"BreadcrumbList","@id":"https:\/\/spanishcompaniesincorporation.com\/es\/politica-privacidad\/#breadcrumb","itemListElement":[{"@type":"ListItem","position":1,"name":"Portada","item":"https:\/\/spanishcompaniesincorporation.com\/es\/"},{"@type":"ListItem","position":2,"name":"Pol\u00edtica de Privacidad"}]},{"@type":"WebSite","@id":"https:\/\/spanishcompaniesincorporation.com\/es\/#website","url":"https:\/\/spanishcompaniesincorporation.com\/es\/","name":"Spanish Companies Incorporation","description":"SCI will be with you through the whole process until your company is fully registered and with an operative bank account.","publisher":{"@id":"https:\/\/spanishcompaniesincorporation.com\/es\/#organization"},"potentialAction":[{"@type":"SearchAction","target":{"@type":"EntryPoint","urlTemplate":"https:\/\/spanishcompaniesincorporation.com\/es\/?s={search_term_string}"},"query-input":{"@type":"PropertyValueSpecification","valueRequired":true,"valueName":"search_term_string"}}],"inLanguage":"es"},{"@type":"Organization","@id":"https:\/\/spanishcompaniesincorporation.com\/es\/#organization","name":"SCI Spanish Companies Incorporation","url":"https:\/\/spanishcompaniesincorporation.com\/es\/","logo":{"@type":"ImageObject","inLanguage":"es","@id":"https:\/\/spanishcompaniesincorporation.com\/es\/#\/schema\/logo\/image\/","url":"https:\/\/spanishcompaniesincorporation.com\/wp-content\/uploads\/Logo-SCI-2.jpg","contentUrl":"https:\/\/spanishcompaniesincorporation.com\/wp-content\/uploads\/Logo-SCI-2.jpg","width":1573,"height":602,"caption":"SCI Spanish Companies Incorporation"},"image":{"@id":"https:\/\/spanishcompaniesincorporation.com\/es\/#\/schema\/logo\/image\/"}}]}},"_links":{"self":[{"href":"https:\/\/spanishcompaniesincorporation.com\/es\/wp-json\/wp\/v2\/pages\/647","targetHints":{"allow":["GET"]}}],"collection":[{"href":"https:\/\/spanishcompaniesincorporation.com\/es\/wp-json\/wp\/v2\/pages"}],"about":[{"href":"https:\/\/spanishcompaniesincorporation.com\/es\/wp-json\/wp\/v2\/types\/page"}],"author":[{"embeddable":true,"href":"https:\/\/spanishcompaniesincorporation.com\/es\/wp-json\/wp\/v2\/users\/1"}],"replies":[{"embeddable":true,"href":"https:\/\/spanishcompaniesincorporation.com\/es\/wp-json\/wp\/v2\/comments?post=647"}],"version-history":[{"count":3,"href":"https:\/\/spanishcompaniesincorporation.com\/es\/wp-json\/wp\/v2\/pages\/647\/revisions"}],"predecessor-version":[{"id":925,"href":"https:\/\/spanishcompaniesincorporation.com\/es\/wp-json\/wp\/v2\/pages\/647\/revisions\/925"}],"wp:attachment":[{"href":"https:\/\/spanishcompaniesincorporation.com\/es\/wp-json\/wp\/v2\/media?parent=647"}],"curies":[{"name":"wp","href":"https:\/\/api.w.org\/{rel}","templated":true}]}}