{"id":645,"date":"2022-06-24T07:37:50","date_gmt":"2022-06-24T06:37:50","guid":{"rendered":"https:\/\/spanishcompaniesincorporation.com\/aviso-legal\/"},"modified":"2022-06-24T07:37:50","modified_gmt":"2022-06-24T06:37:50","slug":"aviso-legal","status":"publish","type":"page","link":"https:\/\/spanishcompaniesincorporation.com\/es\/aviso-legal\/","title":{"rendered":"Aviso Legal"},"content":{"rendered":"\t\t<div data-elementor-type=\"wp-page\" data-elementor-id=\"645\" class=\"elementor elementor-645 elementor-631\" data-elementor-post-type=\"page\">\n\t\t\t\t\t\t<section class=\"elementor-section elementor-top-section elementor-element elementor-element-5b98f13 elementor-section-boxed elementor-section-height-default elementor-section-height-default\" data-id=\"5b98f13\" data-element_type=\"section\" data-e-type=\"section\">\n\t\t\t\t\t\t<div class=\"elementor-container elementor-column-gap-default\">\n\t\t\t\t\t<div class=\"elementor-column elementor-col-100 elementor-top-column elementor-element elementor-element-3944b39\" data-id=\"3944b39\" data-element_type=\"column\" data-e-type=\"column\">\n\t\t\t<div class=\"elementor-widget-wrap elementor-element-populated\">\n\t\t\t\t\t\t<div class=\"elementor-element elementor-element-6cb98fe elementor-widget elementor-widget-heading\" data-id=\"6cb98fe\" data-element_type=\"widget\" data-e-type=\"widget\" data-widget_type=\"heading.default\">\n\t\t\t\t<div class=\"elementor-widget-container\">\n\t\t\t\t\t<h4 class=\"elementor-heading-title elementor-size-default\">Aviso Legal<\/h4>\t\t\t\t<\/div>\n\t\t\t\t<\/div>\n\t\t\t\t<div class=\"elementor-element elementor-element-6be03f0 elementor-widget-divider--view-line elementor-widget elementor-widget-divider\" data-id=\"6be03f0\" data-element_type=\"widget\" data-e-type=\"widget\" data-widget_type=\"divider.default\">\n\t\t\t\t<div class=\"elementor-widget-container\">\n\t\t\t\t\t\t\t<div class=\"elementor-divider\">\n\t\t\t<span class=\"elementor-divider-separator\">\n\t\t\t\t\t\t<\/span>\n\t\t<\/div>\n\t\t\t\t\t\t<\/div>\n\t\t\t\t<\/div>\n\t\t\t\t\t<\/div>\n\t\t<\/div>\n\t\t\t\t\t<\/div>\n\t\t<\/section>\n\t\t\t\t<section class=\"elementor-section elementor-top-section elementor-element elementor-element-55251395 elementor-section-boxed elementor-section-height-default elementor-section-height-default\" data-id=\"55251395\" data-element_type=\"section\" data-e-type=\"section\">\n\t\t\t\t\t\t<div class=\"elementor-container elementor-column-gap-default\">\n\t\t\t\t\t<div class=\"elementor-column elementor-col-100 elementor-top-column elementor-element elementor-element-4facfe94\" data-id=\"4facfe94\" data-element_type=\"column\" data-e-type=\"column\">\n\t\t\t<div class=\"elementor-widget-wrap elementor-element-populated\">\n\t\t\t\t\t\t<div class=\"elementor-element elementor-element-1a434a4e elementor-widget elementor-widget-text-editor\" data-id=\"1a434a4e\" data-element_type=\"widget\" data-e-type=\"widget\" data-widget_type=\"text-editor.default\">\n\t\t\t\t<div class=\"elementor-widget-container\">\n\t\t\t\t\t\t\t\t\t<p><strong>Spanish Companies Incorporation<\/strong>, propiedad de Alejandro\u00a0 Cayuela Valencia, con DNI\u00a0 53845167M y direcci\u00f3n en C\/ Dulce Chac\u00f3n 17, 13\u00ba C 28006 Madrid, no puede asumir ninguna responsabilidad derivada del uso incorrecto o il\u00edcito de la informaci\u00f3n aparecida en la p\u00e1gina de Internet <a href=\"http:\/\/www.spanishcompaniesincorporation.com\">www.<strong>spanishcompaniesincorporation.com<\/strong><\/a><\/p><p>Con los l\u00edmites establecidos en la ley,\u00a0<strong>Spanish Companies Incorporation<\/strong>\u00a0no asume ninguna responsabilidad de la falta de veracidad, integridad, actualizaci\u00f3n y precisi\u00f3n de los datos o informaciones que se contienen en sus p\u00e1ginas de Internet.<\/p><p>Los contenidos e informaci\u00f3n no vinculan a\u00a0<strong>Spanish Companies Incorporation<\/strong>\u00a0ni constituyen opiniones, consejos o asesoramiento legal de ning\u00fan tipo pues se trata meramente de un servicio ofrecido con car\u00e1cter informativo y divulgativo.<\/p><p>La p\u00e1gina de internet de www.<strong>spanishcompaniesincorporation.com <\/strong>puede contener enlaces (links) a otras p\u00e1ginas de terceras partes que SCI no puede controlar. Por lo tanto, <strong>Spanish Companies Incorporation<\/strong>\u00a0no puede asumir responsabilidades por el contenido que pueda aparecer en p\u00e1ginas de terceros.<\/p><p>Los textos, im\u00e1genes, sonidos, animaciones, software y el resto de contenidos inclu\u00eddos en esta p\u00e1gina web son propiedad exclusiva de Spanish Companies Incorporation o sus licenciantes. Cualquier acto de transmisi\u00f3n, distribuci\u00f3n, cesi\u00f3n, reproducci\u00f3n, almacenamiento o comunicaci\u00f3n p\u00fablica total o parcial debe contar con el consentimiento expreso de <strong>Spanish Companies Incorporation<\/strong>.<\/p><p>Asimismo, para acceder a alguno de los servicios que\u00a0<strong>Spanish Companies Incorporation<\/strong>\u00a0ofrece a trav\u00e9s del website deber\u00e1 proporcionar algunos datos de car\u00e1cter personal (nombre, tel\u00e9fono, direcci\u00f3n de correo electr\u00f3nico).<\/p><p>En cumplimiento de lo establecido en el Reglamento (UE) 2016\/679 del Parlamento y del Consejo, de 27 de abril de 2016, relativo a la protecci\u00f3n de las personas f\u00edsicas en lo que respecta al tratamiento de datos personales y a la libre circulaci\u00f3n de estos datos de informamos que, mediante la cumplimentaci\u00f3n de los presentes formularios, sus datos personales quedar\u00e1n incorporados y ser\u00e1n tratados en los ficheros de\u00a0<strong>Spanish Companies Incorporation<\/strong>\u00a0con el fin de poderle prestar y ofrecer nuestros servicios as\u00ed como para informarle de las mejoras del sitio WEB.<\/p><p>Asimismo, le informamos de la posibilidad de que ejerza los derechos de acceso, rectificaci\u00f3n, cancelaci\u00f3n y oposici\u00f3n de sus datos de car\u00e1cter personal, manera gratuita mediante email a <strong>info@spanishcompaniesincorporation.com.<\/strong><\/p>\t\t\t\t\t\t\t\t<\/div>\n\t\t\t\t<\/div>\n\t\t\t\t\t<\/div>\n\t\t<\/div>\n\t\t\t\t\t<\/div>\n\t\t<\/section>\n\t\t\t\t<\/div>\n\t\t","protected":false},"excerpt":{"rendered":"<p>Aviso Legal Spanish Companies Incorporation, propiedad de Alejandro\u00a0 Cayuela Valencia, con DNI\u00a0 53845167M y direcci\u00f3n en C\/ Dulce Chac\u00f3n 17, 13\u00ba C 28006 Madrid, no puede asumir ninguna responsabilidad derivada del uso incorrecto o il\u00edcito de la informaci\u00f3n aparecida en la p\u00e1gina de Internet www.spanishcompaniesincorporation.com Con los l\u00edmites establecidos en la ley,\u00a0Spanish Companies Incorporation\u00a0no asume &#8230; <a title=\"Aviso Legal\" class=\"read-more\" href=\"https:\/\/spanishcompaniesincorporation.com\/es\/aviso-legal\/\" aria-label=\"Leer m\u00e1s sobre Aviso Legal\">Leer m\u00e1s<\/a><\/p>\n","protected":false},"author":1,"featured_media":0,"parent":0,"menu_order":0,"comment_status":"closed","ping_status":"closed","template":"elementor_header_footer","meta":{"footnotes":""},"class_list":["post-645","page","type-page","status-publish"],"yoast_head":"<!-- This site is optimized with the Yoast SEO plugin v27.3 - https:\/\/yoast.com\/product\/yoast-seo-wordpress\/ -->\n<title>Aviso Legal - Spanish Companies Incorporation<\/title>\n<meta name=\"robots\" content=\"noindex, nofollow\" \/>\n<meta property=\"og:locale\" content=\"es_ES\" \/>\n<meta property=\"og:type\" content=\"article\" \/>\n<meta property=\"og:title\" content=\"Aviso Legal - Spanish Companies Incorporation\" \/>\n<meta property=\"og:description\" content=\"Aviso Legal Spanish Companies Incorporation, propiedad de Alejandro\u00a0 Cayuela Valencia, con DNI\u00a0 53845167M y direcci\u00f3n en C\/ Dulce Chac\u00f3n 17, 13\u00ba C 28006 Madrid, no puede asumir ninguna responsabilidad derivada del uso incorrecto o il\u00edcito de la informaci\u00f3n aparecida en la p\u00e1gina de Internet www.spanishcompaniesincorporation.com Con los l\u00edmites establecidos en la ley,\u00a0Spanish Companies Incorporation\u00a0no asume ... Leer m\u00e1s\" \/>\n<meta property=\"og:url\" content=\"https:\/\/spanishcompaniesincorporation.com\/es\/aviso-legal\/\" \/>\n<meta property=\"og:site_name\" content=\"Spanish Companies Incorporation\" \/>\n<meta name=\"twitter:card\" content=\"summary_large_image\" \/>\n<meta name=\"twitter:label1\" content=\"Tiempo de lectura\" \/>\n\t<meta name=\"twitter:data1\" content=\"2 minutos\" \/>\n<script type=\"application\/ld+json\" class=\"yoast-schema-graph\">{\"@context\":\"https:\\\/\\\/schema.org\",\"@graph\":[{\"@type\":\"WebPage\",\"@id\":\"https:\\\/\\\/spanishcompaniesincorporation.com\\\/es\\\/aviso-legal\\\/\",\"url\":\"https:\\\/\\\/spanishcompaniesincorporation.com\\\/es\\\/aviso-legal\\\/\",\"name\":\"Aviso Legal - Spanish Companies Incorporation\",\"isPartOf\":{\"@id\":\"https:\\\/\\\/spanishcompaniesincorporation.com\\\/es\\\/#website\"},\"datePublished\":\"2022-06-24T06:37:50+00:00\",\"breadcrumb\":{\"@id\":\"https:\\\/\\\/spanishcompaniesincorporation.com\\\/es\\\/aviso-legal\\\/#breadcrumb\"},\"inLanguage\":\"es\",\"potentialAction\":[{\"@type\":\"ReadAction\",\"target\":[\"https:\\\/\\\/spanishcompaniesincorporation.com\\\/es\\\/aviso-legal\\\/\"]}]},{\"@type\":\"BreadcrumbList\",\"@id\":\"https:\\\/\\\/spanishcompaniesincorporation.com\\\/es\\\/aviso-legal\\\/#breadcrumb\",\"itemListElement\":[{\"@type\":\"ListItem\",\"position\":1,\"name\":\"Portada\",\"item\":\"https:\\\/\\\/spanishcompaniesincorporation.com\\\/es\\\/\"},{\"@type\":\"ListItem\",\"position\":2,\"name\":\"Aviso Legal\"}]},{\"@type\":\"WebSite\",\"@id\":\"https:\\\/\\\/spanishcompaniesincorporation.com\\\/es\\\/#website\",\"url\":\"https:\\\/\\\/spanishcompaniesincorporation.com\\\/es\\\/\",\"name\":\"Spanish Companies Incorporation\",\"description\":\"SCI will be with you through the whole process until your company is fully registered and with an operative bank account.\",\"publisher\":{\"@id\":\"https:\\\/\\\/spanishcompaniesincorporation.com\\\/es\\\/#organization\"},\"potentialAction\":[{\"@type\":\"SearchAction\",\"target\":{\"@type\":\"EntryPoint\",\"urlTemplate\":\"https:\\\/\\\/spanishcompaniesincorporation.com\\\/es\\\/?s={search_term_string}\"},\"query-input\":{\"@type\":\"PropertyValueSpecification\",\"valueRequired\":true,\"valueName\":\"search_term_string\"}}],\"inLanguage\":\"es\"},{\"@type\":\"Organization\",\"@id\":\"https:\\\/\\\/spanishcompaniesincorporation.com\\\/es\\\/#organization\",\"name\":\"SCI Spanish Companies Incorporation\",\"url\":\"https:\\\/\\\/spanishcompaniesincorporation.com\\\/es\\\/\",\"logo\":{\"@type\":\"ImageObject\",\"inLanguage\":\"es\",\"@id\":\"https:\\\/\\\/spanishcompaniesincorporation.com\\\/es\\\/#\\\/schema\\\/logo\\\/image\\\/\",\"url\":\"https:\\\/\\\/spanishcompaniesincorporation.com\\\/wp-content\\\/uploads\\\/Logo-SCI-2.jpg\",\"contentUrl\":\"https:\\\/\\\/spanishcompaniesincorporation.com\\\/wp-content\\\/uploads\\\/Logo-SCI-2.jpg\",\"width\":1573,\"height\":602,\"caption\":\"SCI Spanish Companies Incorporation\"},\"image\":{\"@id\":\"https:\\\/\\\/spanishcompaniesincorporation.com\\\/es\\\/#\\\/schema\\\/logo\\\/image\\\/\"}}]}<\/script>\n<!-- \/ Yoast SEO plugin. -->","yoast_head_json":{"title":"Aviso Legal - Spanish Companies Incorporation","robots":{"index":"noindex","follow":"nofollow"},"og_locale":"es_ES","og_type":"article","og_title":"Aviso Legal - Spanish Companies Incorporation","og_description":"Aviso Legal Spanish Companies Incorporation, propiedad de Alejandro\u00a0 Cayuela Valencia, con DNI\u00a0 53845167M y direcci\u00f3n en C\/ Dulce Chac\u00f3n 17, 13\u00ba C 28006 Madrid, no puede asumir ninguna responsabilidad derivada del uso incorrecto o il\u00edcito de la informaci\u00f3n aparecida en la p\u00e1gina de Internet www.spanishcompaniesincorporation.com Con los l\u00edmites establecidos en la ley,\u00a0Spanish Companies Incorporation\u00a0no asume ... Leer m\u00e1s","og_url":"https:\/\/spanishcompaniesincorporation.com\/es\/aviso-legal\/","og_site_name":"Spanish Companies Incorporation","twitter_card":"summary_large_image","twitter_misc":{"Tiempo de lectura":"2 minutos"},"schema":{"@context":"https:\/\/schema.org","@graph":[{"@type":"WebPage","@id":"https:\/\/spanishcompaniesincorporation.com\/es\/aviso-legal\/","url":"https:\/\/spanishcompaniesincorporation.com\/es\/aviso-legal\/","name":"Aviso Legal - Spanish Companies Incorporation","isPartOf":{"@id":"https:\/\/spanishcompaniesincorporation.com\/es\/#website"},"datePublished":"2022-06-24T06:37:50+00:00","breadcrumb":{"@id":"https:\/\/spanishcompaniesincorporation.com\/es\/aviso-legal\/#breadcrumb"},"inLanguage":"es","potentialAction":[{"@type":"ReadAction","target":["https:\/\/spanishcompaniesincorporation.com\/es\/aviso-legal\/"]}]},{"@type":"BreadcrumbList","@id":"https:\/\/spanishcompaniesincorporation.com\/es\/aviso-legal\/#breadcrumb","itemListElement":[{"@type":"ListItem","position":1,"name":"Portada","item":"https:\/\/spanishcompaniesincorporation.com\/es\/"},{"@type":"ListItem","position":2,"name":"Aviso Legal"}]},{"@type":"WebSite","@id":"https:\/\/spanishcompaniesincorporation.com\/es\/#website","url":"https:\/\/spanishcompaniesincorporation.com\/es\/","name":"Spanish Companies Incorporation","description":"SCI will be with you through the whole process until your company is fully registered and with an operative bank account.","publisher":{"@id":"https:\/\/spanishcompaniesincorporation.com\/es\/#organization"},"potentialAction":[{"@type":"SearchAction","target":{"@type":"EntryPoint","urlTemplate":"https:\/\/spanishcompaniesincorporation.com\/es\/?s={search_term_string}"},"query-input":{"@type":"PropertyValueSpecification","valueRequired":true,"valueName":"search_term_string"}}],"inLanguage":"es"},{"@type":"Organization","@id":"https:\/\/spanishcompaniesincorporation.com\/es\/#organization","name":"SCI Spanish Companies Incorporation","url":"https:\/\/spanishcompaniesincorporation.com\/es\/","logo":{"@type":"ImageObject","inLanguage":"es","@id":"https:\/\/spanishcompaniesincorporation.com\/es\/#\/schema\/logo\/image\/","url":"https:\/\/spanishcompaniesincorporation.com\/wp-content\/uploads\/Logo-SCI-2.jpg","contentUrl":"https:\/\/spanishcompaniesincorporation.com\/wp-content\/uploads\/Logo-SCI-2.jpg","width":1573,"height":602,"caption":"SCI Spanish Companies Incorporation"},"image":{"@id":"https:\/\/spanishcompaniesincorporation.com\/es\/#\/schema\/logo\/image\/"}}]}},"_links":{"self":[{"href":"https:\/\/spanishcompaniesincorporation.com\/es\/wp-json\/wp\/v2\/pages\/645","targetHints":{"allow":["GET"]}}],"collection":[{"href":"https:\/\/spanishcompaniesincorporation.com\/es\/wp-json\/wp\/v2\/pages"}],"about":[{"href":"https:\/\/spanishcompaniesincorporation.com\/es\/wp-json\/wp\/v2\/types\/page"}],"author":[{"embeddable":true,"href":"https:\/\/spanishcompaniesincorporation.com\/es\/wp-json\/wp\/v2\/users\/1"}],"replies":[{"embeddable":true,"href":"https:\/\/spanishcompaniesincorporation.com\/es\/wp-json\/wp\/v2\/comments?post=645"}],"version-history":[{"count":1,"href":"https:\/\/spanishcompaniesincorporation.com\/es\/wp-json\/wp\/v2\/pages\/645\/revisions"}],"predecessor-version":[{"id":646,"href":"https:\/\/spanishcompaniesincorporation.com\/es\/wp-json\/wp\/v2\/pages\/645\/revisions\/646"}],"wp:attachment":[{"href":"https:\/\/spanishcompaniesincorporation.com\/es\/wp-json\/wp\/v2\/media?parent=645"}],"curies":[{"name":"wp","href":"https:\/\/api.w.org\/{rel}","templated":true}]}}